{"id":26693,"date":"2025-02-07T13:25:59","date_gmt":"2025-02-07T12:25:59","guid":{"rendered":"https:\/\/www.sabex.si\/sl\/?page_id=26693"},"modified":"2025-02-27T13:03:52","modified_gmt":"2025-02-27T12:03:52","slug":"svetovanje","status":"publish","type":"page","link":"https:\/\/www.sabex.si\/sl\/svetovanje\/","title":{"rendered":"Svetovanje"},"content":{"rendered":"<p>[vc_row row_type=&#8221;row&#8221; use_row_as_full_screen_section=&#8221;no&#8221; type=&#8221;full_width&#8221; angled_section=&#8221;no&#8221; text_align=&#8221;left&#8221; background_image_as_pattern=&#8221;without_pattern&#8221; css_animation=&#8221;&#8221;][vc_column offset=&#8221;vc_hidden-sm vc_hidden-xs&#8221;][vc_column_text]<\/p>\n<h2 style=\"font-size: 2vw;\"><span style=\"color: #a47764;\">BREZPLA\u010cNO SVETOVANJE O NEGI KO\u017dE<\/span><\/h2>\n<p>[\/vc_column_text][vc_empty_space height=&#8221;20px&#8221;][\/vc_column][\/vc_row][vc_row row_type=&#8221;row&#8221; use_row_as_full_screen_section=&#8221;no&#8221; type=&#8221;full_width&#8221; angled_section=&#8221;no&#8221; text_align=&#8221;left&#8221; background_image_as_pattern=&#8221;without_pattern&#8221; css_animation=&#8221;&#8221;][vc_column offset=&#8221;vc_hidden-lg vc_hidden-md&#8221;][vc_column_text]<\/p>\n<h2 style=\"font-size: 8vw;\"><span style=\"color: #a47764;\">BREZPLA\u010cNO SVETOVANJE O NEGI KO\u017dE<\/span><\/h2>\n<p>[\/vc_column_text][vc_empty_space height=&#8221;20px&#8221;][\/vc_column][\/vc_row][vc_row row_type=&#8221;row&#8221; use_row_as_full_screen_section=&#8221;no&#8221; type=&#8221;full_width&#8221; angled_section=&#8221;no&#8221; text_align=&#8221;left&#8221; background_image_as_pattern=&#8221;without_pattern&#8221; css_animation=&#8221;&#8221;][vc_column offset=&#8221;vc_hidden-sm vc_hidden-xs&#8221;][vc_column_text]<\/p>\n<h2 style=\"font-size: 1.5vw;\">Mateja Jemec<\/h2>\n<h3><span style=\"color: #000000;\">Brezpla\u010dni telefon: 080 35 64<br \/>\nEmail: <\/span><strong><a href=\"mailto:mateja@sabex.si\">mateja@sabex.si<\/a><\/strong><\/h3>\n<p>[\/vc_column_text][\/vc_column][\/vc_row][vc_row row_type=&#8221;row&#8221; use_row_as_full_screen_section=&#8221;no&#8221; type=&#8221;full_width&#8221; angled_section=&#8221;no&#8221; text_align=&#8221;left&#8221; background_image_as_pattern=&#8221;without_pattern&#8221; css_animation=&#8221;&#8221;][vc_column offset=&#8221;vc_hidden-lg vc_hidden-md&#8221;][vc_column_text]<\/p>\n<h2 style=\"font-size: 6vw;\">Mateja Jemec<\/h2>\n<h3><span style=\"color: #000000;\">Brezpla\u010dni telefon: 080 35 64<br \/>\nEmail: <\/span><strong><a href=\"mailto:mateja@sabex.si\">mateja@sabex.si<\/a><\/strong><\/h3>\n<p>[\/vc_column_text][\/vc_column][\/vc_row][vc_row row_type=&#8221;row&#8221; use_row_as_full_screen_section=&#8221;no&#8221; type=&#8221;grid&#8221; angled_section=&#8221;no&#8221; text_align=&#8221;left&#8221; background_image_as_pattern=&#8221;without_pattern&#8221; css_animation=&#8221;&#8221;][vc_column][vc_empty_space height=&#8221;20px&#8221;][\/vc_column][\/vc_row][vc_row row_type=&#8221;row&#8221; use_row_as_full_screen_section=&#8221;no&#8221; type=&#8221;grid&#8221; angled_section=&#8221;no&#8221; text_align=&#8221;left&#8221; background_image_as_pattern=&#8221;without_pattern&#8221; css_animation=&#8221;&#8221;][vc_column][vc_single_image image=&#8221;26732&#8243; img_size=&#8221;full&#8221; alignment=&#8221;center&#8221; qode_css_animation=&#8221;&#8221;][\/vc_column][\/vc_row][vc_row row_type=&#8221;row&#8221; use_row_as_full_screen_section=&#8221;no&#8221; type=&#8221;full_width&#8221; angled_section=&#8221;no&#8221; text_align=&#8221;left&#8221; background_image_as_pattern=&#8221;without_pattern&#8221; css_animation=&#8221;&#8221;][vc_column][vc_empty_space height=&#8221;20px&#8221;][vc_column_text]<\/p>\n<h3><span style=\"color: #000000;\">Lepo pozdravljeni!\u00a0<\/span><\/h3>\n<p>[\/vc_column_text][\/vc_column][\/vc_row][vc_row row_type=&#8221;row&#8221; use_row_as_full_screen_section=&#8221;no&#8221; type=&#8221;full_width&#8221; angled_section=&#8221;no&#8221; text_align=&#8221;left&#8221; background_image_as_pattern=&#8221;without_pattern&#8221; css_animation=&#8221;&#8221;][vc_column][vc_empty_space height=&#8221;20px&#8221;][vc_column_text]<span style=\"color: #000000;\">Tu ste verjetno s tehtnim razlogom, jaz pa sem tu, ker vam \u017eelim pomagati. Moja misija je pomagati vsem, ki se soo\u010date s te\u017eavami s ko\u017eo. Vkolikor so te\u017eave tako velike, da je potreben obisk pri dermatologu, pa vam bom po pogovoru tudi priporo\u010dila dermatologa.<\/span><\/p>\n<p><span style=\"color: #000000;\"><br \/>\nNaj pa se vam najprej na kratko predstavim&#8230; Sem mama treh odraslih sinov in \u017eena, ki u\u017eiva v naravi, pohodni\u0161tvu, smu\u010danju, plavanju, razli\u010dnih vadbah, knjigah, glasbi in filmih. \u017de od zgodnjih mladostni\u0161kih let sem navdu\u0161ena nad kozmetiko, redno spremljam najnovej\u0161e trende, obo\u017eujem li\u010dila in parfume, obenem pa dosledno skrbim za svojo ko\u017eo z uporabo kakovostnih izdelkov in rednimi obiski kozmeti\u010darke, po potrebi pa tudi dermatologinje.<\/span><\/p>\n<p><span style=\"color: #000000;\"><br \/>\nOd leta 2005, torej \u017ee 20 let, se posve\u010dam negi ko\u017ee in kozmetiki ter vsem ostalim, kar je povezano z zdravjem in lepoto ko\u017ee. Svojo poslovno pot sem za\u010dela z naravno kozmetiko Nuxe, nato se je pridru\u017eila \u0161e dermatolo\u0161ka znamka Bioderma, zadnji dve leti pa delam tudi s trenutno najhitreje rasto\u010do dermatolo\u0161ko znamko v Evropi &#8211; ISDIN. Sodelovanje s farmacevti v lekarnah in z dermatologi ter pediatri mi je omogo\u010dilo, da sem skozi leta pridobila dragocene izku\u0161nje in obse\u017eno znanje o ko\u017ei ter njenih potrebah. Nikakor pa se ne postavljam ob bok zdravnikom dermatologom. Po pogovoru vam lahko tudi priporo\u010dim dermatologa, vkolikor bi se izkazalo, da je to potrebno.<br \/>\n<\/span><\/p>\n<p><span style=\"color: #000000;\"><br \/>\nNenehno se izobra\u017eujem, preu\u010dujem strokovno literaturo in sledim nasvetom vodilnih strokovnjakov. Hkrati pa se tudi zavedam, da na na\u0161o ko\u017eo ne vplivajo zgolj kozmeti\u010dni izdelki, ampak celoten \u017eivljenjski slog &#8211; prehrana, stres, spanje, gibanje, hormonske spremembe, izpostavljenost UV \u017earkom, podnebje, zdravila &#8230;<\/span><\/p>\n<p><span style=\"color: #000000;\"><br \/>\nV dveh desetletjih sem imela prilo\u017enost sodelovati z mnogimi posamezniki, ki so se obrnili name zaradi te\u017eav s ko\u017eo ali pa so si \u017eeleli najti zgolj primerno kozmetiko za svojo ko\u017eo.<\/span><\/p>\n<p><span style=\"color: #000000;\"><br \/>\nNa voljo sem vam in vam ponujam svoje znanje, izku\u0161nje, nasvete in priporo\u010dila za nego ko\u017ee in pa tudi, kako lahko celoten \u017eivljenjski slog vpliva na izgled va\u0161e ko\u017ee.\u00a0<\/span>[\/vc_column_text][vc_empty_space height=&#8221;20px&#8221;][vc_separator type=&#8221;normal&#8221; transparency=&#8221;1&#8243; thickness=&#8221;5px&#8221; up=&#8221;20px&#8221; down=&#8221;10px&#8221;][\/vc_column][\/vc_row][vc_row row_type=&#8221;row&#8221; use_row_as_full_screen_section=&#8221;no&#8221; type=&#8221;full_width&#8221; angled_section=&#8221;no&#8221; text_align=&#8221;left&#8221; background_image_as_pattern=&#8221;without_pattern&#8221; css_animation=&#8221;&#8221;][vc_column][vc_empty_space height=&#8221;20px&#8221;][vc_column_text]<\/p>\n<h3><span style=\"color: #000000;\"><b>Kako vam lahko svetujem in pomagam?<\/b>\u00a0<\/span><\/h3>\n<p>[\/vc_column_text][\/vc_column][\/vc_row][vc_row row_type=&#8221;row&#8221; use_row_as_full_screen_section=&#8221;no&#8221; type=&#8221;full_width&#8221; angled_section=&#8221;no&#8221; text_align=&#8221;left&#8221; background_image_as_pattern=&#8221;without_pattern&#8221; css_animation=&#8221;&#8221;][vc_column][vc_empty_space height=&#8221;20px&#8221;][vc_column_text]<span style=\"color: #000000;\">Najhitreje se lahko pove\u017eemo preko brezpla\u010dnega telefona <span style=\"color: #ba0082;\"><b>080 35 64<\/b><\/span>. Med pogovorom bomo skupaj ugotovili naravo va\u0161ih te\u017eav in na\u0161li najbolj\u0161o re\u0161itev.\u00a0\u00a0<\/span><\/p>\n<ol>\n<li><span style=\"color: #000000;\"><b>\u010ce ste \u017ee obiskali dermatologa:<\/b> Osredoto\u010dimo se na pravilno uporabo dermatolo\u0161ke kozmetike in prilagoditev vsakodnevne nege.\u00a0<\/span><\/li>\n<li><span style=\"color: #000000;\"><b>\u010ce niste obiskali dermatologa in so te\u017eave la\u017eje:<\/b> Prejeli boste prakti\u010dne nasvete, kako zmanj\u0161ati in odpraviti te\u017eave ter ohraniti ko\u017eo v dobrem stanju. Vkolikor bi bil potreben tudi obisk dermatologa, vam ga lahko tudi priporo\u010dim.<\/span><\/li>\n<li><span style=\"color: #000000;\"><b>\u010ce niste obiskali dermatologa in so te\u017eave resnej\u0161e:<\/b> Priporo\u010dila vam bom dermatolo\u0161ko ambulanto.\u00a0\u00a0\u00a0<\/span><\/li>\n<li><span style=\"color: #000000;\"><b>\u010ce nimate specifi\u010dnih dermatolo\u0161kih te\u017eav:<\/b> Skupaj ugotovimo potrebe va\u0161e ko\u017ee in oblikujemo nego, ki bo izbolj\u0161ala stanje va\u0161e ko\u017ee.\u00a0<\/span><\/li>\n<\/ol>\n<p>[\/vc_column_text][vc_empty_space height=&#8221;20px&#8221;][vc_separator type=&#8221;normal&#8221; thickness=&#8221;5px&#8221; up=&#8221;20px&#8221; down=&#8221;10px&#8221;][\/vc_column][\/vc_row][vc_row row_type=&#8221;row&#8221; use_row_as_full_screen_section=&#8221;no&#8221; type=&#8221;full_width&#8221; angled_section=&#8221;no&#8221; text_align=&#8221;left&#8221; background_image_as_pattern=&#8221;without_pattern&#8221; css_animation=&#8221;&#8221;][vc_column][vc_empty_space height=&#8221;20px&#8221;][vc_column_text]<span style=\"color: #000000;\" data-contrast=\"auto\">\u010ce pa vam je la\u017eje, pa mi lahko po\u0161ljete email na <\/span><a href=\"mailto:mateja@sabex.si\"><span style=\"color: #0000ff;\"><b>mateja@sabex.si<\/b><\/span><\/a><span style=\"color: #000000;\">. Prosim, da v sporo\u010dilu navedete naslednje podatke:\u00a0<\/span><\/p>\n<ul>\n<li><span style=\"color: #000000;\"><b>\u010cim bolj natan\u010den opis va\u0161e ko\u017ee:<\/b> tip ko\u017ee (me\u0161ana, mastna, suha, normalna), stanje ko\u017ee (npr. dehidrirana, ob\u010dutljiva) in morebitne ko\u017ene bolezni ali te\u017eave.\u00a0<\/span><\/li>\n<li><span style=\"color: #000000;\"><b>Va\u0161o letnico rojstva.<\/b>\u00a0<\/span><\/li>\n<li><span style=\"color: #000000;\"><b>Kako dolgo \u017ee imate te\u017eave s ko\u017eo?<\/b>\u00a0<\/span><\/li>\n<li><span style=\"color: #000000;\"><strong>\u010ce imate ko\u017eno bolezen<\/strong>, navedite, ali ste \u017ee obiskali dermatologa in katero terapijo vam je predpisal.\u00a0<\/span><\/li>\n<\/ul>\n<p>[\/vc_column_text][vc_empty_space height=&#8221;20px&#8221;][vc_separator type=&#8221;normal&#8221; thickness=&#8221;5px&#8221; up=&#8221;20px&#8221; down=&#8221;10px&#8221;][\/vc_column][\/vc_row][vc_row row_type=&#8221;row&#8221; use_row_as_full_screen_section=&#8221;no&#8221; type=&#8221;full_width&#8221; angled_section=&#8221;no&#8221; text_align=&#8221;left&#8221; background_image_as_pattern=&#8221;without_pattern&#8221; css_animation=&#8221;&#8221;][vc_column][vc_empty_space height=&#8221;20px&#8221;][vc_column_text]<\/p>\n<p style=\"text-align: left;\"><span style=\"color: #000000;\">Prijazno vas vabim, da se pove\u017eemo tudi preko dru\u017ebenih omre\u017eij:<\/span><\/p>\n<p><a href=\"https:\/\/www.facebook.com\/mateja.jemec.kozmetika\" target=\"_blank\" rel=\"noopener\"><img loading=\"lazy\" decoding=\"async\" class=\"alignnone wp-image-25189 size-full\" src=\"https:\/\/www.sabex.si\/wp-content\/uploads\/2022\/12\/Facebook.png\" alt=\"\" width=\"30\" height=\"30\" \/><\/a>\u00a0 <a href=\"https:\/\/www.instagram.com\/mateja_jemec\/\" target=\"_blank\" rel=\"noopener\"><img loading=\"lazy\" decoding=\"async\" class=\"alignnone wp-image-25193 size-full\" src=\"https:\/\/www.sabex.si\/wp-content\/uploads\/2022\/12\/Instagram.png\" alt=\"\" width=\"30\" height=\"30\" \/><\/a>\u00a0\u00a0<a href=\"https:\/\/www.tiktok.com\/@matejajemec\" target=\"_blank\" rel=\"noopener\"><img loading=\"lazy\" decoding=\"async\" class=\"alignnone wp-image-25201 size-full\" src=\"https:\/\/www.sabex.si\/wp-content\/uploads\/2022\/12\/TikTok.png\" alt=\"\" width=\"30\" height=\"30\" \/><\/a>\u00a0\u00a0<a href=\"https:\/\/x.com\/MatejaJemec\" target=\"_blank\" rel=\"noopener\"><img loading=\"lazy\" decoding=\"async\" class=\"alignnone wp-image-26697 size-full\" src=\"https:\/\/www.sabex.si\/wp-content\/uploads\/2025\/02\/twitter-x-logo.png\" alt=\"\" width=\"30\" height=\"30\" \/><\/a> \u00a0<a href=\"https:\/\/www.linkedin.com\/in\/mateja-jemec-88b796189\/\" target=\"_blank\" rel=\"noopener\"><img loading=\"lazy\" decoding=\"async\" class=\"alignnone wp-image-26763 size-full\" src=\"https:\/\/www.sabex.si\/wp-content\/uploads\/2025\/02\/Linkedin.png\" alt=\"\" width=\"30\" height=\"30\" \/><\/a>[\/vc_column_text][vc_column_text]<span style=\"color: #000000;\"><br \/>\nVeselim se va\u0161ih klicev in emailov. Dostopna sem vsak delovnik, v\u010dasih pa odgovorim tudi izven delovnih dni. Lepo vabljeni na svetovanje!<\/span><\/p>\n<h4><span style=\"color: #000000;\"><br \/>\n<strong>Telefon:<\/strong> 080 35 64<br \/>\n<strong>Email:<\/strong><\/span> <strong><a href=\"mailto:mateja@sabex.si\"><span style=\"color: #0000ff;\">mateja@sabex.si<\/span><\/a><\/strong><\/h4>\n<p><span style=\"color: #000000;\"><br \/>\nS prijaznimi pozdravi,\u00a0<\/span><\/p>\n<p><span style=\"color: #000000;\">Mateja Jemec, brand manager<\/span><\/p>\n<p><span style=\"color: #000000;\"><img loading=\"lazy\" decoding=\"async\" class=\"alignnone wp-image-26744\" src=\"https:\/\/www.sabex.si\/wp-content\/uploads\/2025\/02\/Podpis-Mateja.png\" alt=\"\" width=\"202\" height=\"196\" \/><\/span>[\/vc_column_text][\/vc_column][\/vc_row]<\/p>\n","protected":false},"excerpt":{"rendered":"<p>[vc_row row_type=&#8221;row&#8221; use_row_as_full_screen_section=&#8221;no&#8221; type=&#8221;full_width&#8221; angled_section=&#8221;no&#8221; text_align=&#8221;left&#8221; background_image_as_pattern=&#8221;without_pattern&#8221; css_animation=&#8221;&#8221;][vc_column offset=&#8221;vc_hidden-sm vc_hidden-xs&#8221;][vc_column_text] BREZPLA\u010cNO SVETOVANJE O NEGI KO\u017dE [\/vc_column_text][vc_empty_space height=&#8221;20px&#8221;][\/vc_column][\/vc_row][vc_row row_type=&#8221;row&#8221; use_row_as_full_screen_section=&#8221;no&#8221; type=&#8221;full_width&#8221; angled_section=&#8221;no&#8221; text_align=&#8221;left&#8221; background_image_as_pattern=&#8221;without_pattern&#8221; css_animation=&#8221;&#8221;][vc_column offset=&#8221;vc_hidden-lg vc_hidden-md&#8221;][vc_column_text] BREZPLA\u010cNO SVETOVANJE O NEGI KO\u017dE [\/vc_column_text][vc_empty_space height=&#8221;20px&#8221;][\/vc_column][\/vc_row][vc_row row_type=&#8221;row&#8221; use_row_as_full_screen_section=&#8221;no&#8221; type=&#8221;full_width&#8221; angled_section=&#8221;no&#8221; text_align=&#8221;left&#8221; background_image_as_pattern=&#8221;without_pattern&#8221; css_animation=&#8221;&#8221;][vc_column offset=&#8221;vc_hidden-sm vc_hidden-xs&#8221;][vc_column_text] Mateja Jemec Brezpla\u010dni&#8230;<\/p>\n","protected":false},"author":1,"featured_media":0,"parent":0,"menu_order":0,"comment_status":"closed","ping_status":"closed","template":"","meta":{"footnotes":""},"class_list":["post-26693","page","type-page","status-publish","hentry"],"_links":{"self":[{"href":"https:\/\/www.sabex.si\/sl\/wp-json\/wp\/v2\/pages\/26693","targetHints":{"allow":["GET"]}}],"collection":[{"href":"https:\/\/www.sabex.si\/sl\/wp-json\/wp\/v2\/pages"}],"about":[{"href":"https:\/\/www.sabex.si\/sl\/wp-json\/wp\/v2\/types\/page"}],"author":[{"embeddable":true,"href":"https:\/\/www.sabex.si\/sl\/wp-json\/wp\/v2\/users\/1"}],"replies":[{"embeddable":true,"href":"https:\/\/www.sabex.si\/sl\/wp-json\/wp\/v2\/comments?post=26693"}],"version-history":[{"count":66,"href":"https:\/\/www.sabex.si\/sl\/wp-json\/wp\/v2\/pages\/26693\/revisions"}],"predecessor-version":[{"id":26785,"href":"https:\/\/www.sabex.si\/sl\/wp-json\/wp\/v2\/pages\/26693\/revisions\/26785"}],"wp:attachment":[{"href":"https:\/\/www.sabex.si\/sl\/wp-json\/wp\/v2\/media?parent=26693"}],"curies":[{"name":"wp","href":"https:\/\/api.w.org\/{rel}","templated":true}]}}