{"id":21526,"date":"2018-09-26T11:14:40","date_gmt":"2018-09-26T09:14:40","guid":{"rendered":"https:\/\/www.sabex-international.com\/sl\/?page_id=21526"},"modified":"2022-03-30T15:30:40","modified_gmt":"2022-03-30T13:30:40","slug":"talent","status":"publish","type":"page","link":"https:\/\/www.sabex.si\/sl\/talent\/","title":{"rendered":"Talent"},"content":{"rendered":"<p>[vc_row row_type=&#8221;row&#8221; use_row_as_full_screen_section=&#8221;yes&#8221; type=&#8221;grid&#8221; angled_section=&#8221;no&#8221; text_align=&#8221;center&#8221; background_image=&#8221;21736&#8243; background_image_as_pattern=&#8221;without_pattern&#8221; css_animation=&#8221;&#8221; el_class=&#8221;classForFixChrome&#8221;][vc_column][vc_empty_space height=&#8221;300px&#8221; el_class=&#8221;mobile-hide&#8221;][vc_column_text]<\/p>\n<h2 style=\"text-align: center; color: #ffffff;\">TALENT JE ZA NAS ODLI\u010cEN<br \/>\nZA\u010cETEK, A TUDI DIAMANT<br \/>\nPOTREBUJE BRU\u0160ENJE<\/h2>\n<p>[\/vc_column_text][vc_empty_space height=&#8221;24px&#8221;][vc_single_image image=&#8221;21730&#8243; img_size=&#8221;full&#8221; alignment=&#8221;center&#8221; qode_css_animation=&#8221;&#8221; el_class=&#8221;mobile-hide&#8221;][vc_empty_space height=&#8221;10px&#8221;][vc_empty_space height=&#8221;120px&#8221; el_class=&#8221;mobile-hide&#8221;][vc_single_image image=&#8221;21527&#8243; img_size=&#8221;full&#8221; alignment=&#8221;center&#8221; qode_css_animation=&#8221;&#8221; el_class=&#8221;mobile-hide&#8221;][vc_empty_space height=&#8221;70px&#8221;][\/vc_column][\/vc_row][vc_row row_type=&#8221;row&#8221; use_row_as_full_screen_section=&#8221;no&#8221; type=&#8221;grid&#8221; angled_section=&#8221;no&#8221; text_align=&#8221;left&#8221; background_image_as_pattern=&#8221;without_pattern&#8221; css_animation=&#8221;&#8221;][vc_column width=&#8221;1\/2&#8243;][vc_empty_space height=&#8221;50px&#8221;][vc_column_text]<\/p>\n<h2 style=\"color: #0268b3;\">Vedno i\u0161\u010demo talente na podro\u010djih, ki so del na\u0161ega poslovanja.<\/h2>\n<p style=\"font-size: 16px; line-height: 22px; margin-bottom: 10px;\"><span style=\"color: #000000;\">Kot marketin\u0161ko podjetje, ki na obmo\u010dju Adriatic regije skrbi za distribucijo razli\u010dnih znamk za zdravje in lepoto, potrebujemo ljudi z znanji na naslednjih podro\u010djih:<\/span><\/p>\n<p>[\/vc_column_text][vc_empty_space height=&#8221;20px&#8221;][\/vc_column][vc_column width=&#8221;1\/2&#8243;][\/vc_column][\/vc_row][vc_row row_type=&#8221;row&#8221; use_row_as_full_screen_section=&#8221;no&#8221; type=&#8221;grid&#8221; angled_section=&#8221;no&#8221; text_align=&#8221;left&#8221; background_image_as_pattern=&#8221;without_pattern&#8221; css_animation=&#8221;&#8221; css=&#8221;.vc_custom_1537965550199{margin-top: 0px !important;margin-right: 0px !important;margin-bottom: 0px !important;margin-left: 0px !important;border-top-width: 0px !important;border-right-width: 0px !important;border-bottom-width: 0px !important;border-left-width: 0px !important;padding-top: 0px !important;padding-right: 0px !important;padding-bottom: 0px !important;padding-left: 0px !important;}&#8221;][vc_column offset=&#8221;vc_hidden-sm vc_hidden-xs&#8221;][vc_single_image image=&#8221;21582&#8243; img_size=&#8221;full&#8221; alignment=&#8221;center&#8221; qode_css_animation=&#8221;&#8221;][\/vc_column][vc_column offset=&#8221;vc_hidden-lg vc_hidden-md&#8221;][vc_single_image image=&#8221;21632&#8243; img_size=&#8221;full&#8221; alignment=&#8221;center&#8221; qode_css_animation=&#8221;&#8221;][\/vc_column][\/vc_row][vc_row row_type=&#8221;row&#8221; use_row_as_full_screen_section=&#8221;yes&#8221; type=&#8221;grid&#8221; angled_section=&#8221;no&#8221; text_align=&#8221;center&#8221; background_image=&#8221;21573&#8243; background_image_as_pattern=&#8221;without_pattern&#8221; css_animation=&#8221;&#8221; css=&#8221;.vc_custom_1537965815704{padding-top: 20px !important;padding-right: 20px !important;padding-bottom: 20px !important;padding-left: 20px !important;}&#8221;][vc_column][vc_row_inner row_type=&#8221;row&#8221; type=&#8221;full_width&#8221; text_align=&#8221;left&#8221; css_animation=&#8221;&#8221;][vc_column_inner width=&#8221;1\/2&#8243;][\/vc_column_inner][vc_column_inner width=&#8221;1\/2&#8243;][vc_empty_space height=&#8221;400px&#8221;][vc_column_text]<\/p>\n<h2 style=\"color: #ffffff; text-align: left;\">VSE SE DA \u2013 \u010cE SI \u017dELI\u0160!<\/h2>\n<p style=\"font-size: 16px; line-height: 24px; color: #ffffff; text-align: left; margin-bottom: 10px;\">Kljub temu, da izku\u0161nje pomenijo veliko, pa nam \u0161e ve\u010d pomeni iskren in z energijo pre\u017eet interes posameznika. I\u0161\u010demo samostojne, sr\u010dne in proaktivne ljudi z ambicijami, da si v \u017eivljenju zgradijo uspe\u0161no kariero in jo pove\u017eejo v zadovoljstva polno privatno \u017eivljenje.<\/p>\n<p>[\/vc_column_text][vc_empty_space height=&#8221;20px&#8221;][\/vc_column_inner][\/vc_row_inner][\/vc_column][\/vc_row][vc_row row_type=&#8221;row&#8221; use_row_as_full_screen_section=&#8221;yes&#8221; type=&#8221;grid&#8221; angled_section=&#8221;no&#8221; text_align=&#8221;center&#8221; background_image_as_pattern=&#8221;without_pattern&#8221; css_animation=&#8221;&#8221;][vc_column][vc_empty_space height=&#8221;50px&#8221;][vc_row_inner row_type=&#8221;row&#8221; type=&#8221;full_width&#8221; text_align=&#8221;left&#8221; css_animation=&#8221;&#8221; css=&#8221;.vc_custom_1537966605937{padding: 20px !important;}&#8221;][vc_column_inner width=&#8221;1\/2&#8243;][vc_single_image image=&#8221;21577&#8243; img_size=&#8221;full&#8221; qode_css_animation=&#8221;&#8221;][\/vc_column_inner][vc_column_inner width=&#8221;1\/2&#8243; css=&#8221;.vc_custom_1537967759714{padding-left: 20px !important;}&#8221;][vc_empty_space height=&#8221;20px&#8221;][vc_column_text]<\/p>\n<h2 style=\"color: #0268b3; text-align: left;\">OSEBNE VREDNOTE SO POMEMBNE TUDI V PODJETJU<\/h2>\n<p style=\"font-size: 16px; line-height: 24px; margin-bottom: 10px;\"><span style=\"color: #000000;\">Odprtost za komunikacijo in komunikacija brez filtriranja sta v Sabex-u pomembni vrednoti, zato i\u0161\u010demo ljudi, ki so neposredni, ne ovinkarijo, so iskreni in za stavki, ki jih izre\u010dejo, nimajo druga\u010dnih ali skritih mnenj in pogledov. Neposrednost in pripravljenost na izzive sta predpogoj za pridobivanje novih znanj, soo\u010danje s te\u017eavami in re\u0161evanje vsakodnevnih problemov.<\/span><\/p>\n<p>[\/vc_column_text][vc_empty_space height=&#8221;50px&#8221;][\/vc_column_inner][\/vc_row_inner][vc_empty_space height=&#8221;50px&#8221;][\/vc_column][\/vc_row][vc_row row_type=&#8221;row&#8221; use_row_as_full_screen_section=&#8221;yes&#8221; type=&#8221;grid&#8221; angled_section=&#8221;no&#8221; text_align=&#8221;center&#8221; background_image=&#8221;21628&#8243; background_image_as_pattern=&#8221;without_pattern&#8221; css_animation=&#8221;&#8221; css=&#8221;.vc_custom_1537967911621{padding-top: 20px !important;padding-right: 20px !important;padding-bottom: 20px !important;padding-left: 20px !important;}&#8221;][vc_column][vc_row_inner row_type=&#8221;row&#8221; type=&#8221;full_width&#8221; text_align=&#8221;left&#8221; css_animation=&#8221;&#8221;][vc_column_inner width=&#8221;1\/3&#8243;][vc_empty_space height=&#8221;400px&#8221;][vc_column_text]<\/p>\n<h2 style=\"color: #ffffff; text-align: left;\">SI PRIPRAVLJEN\/A NA IZZIV?<\/h2>\n<p style=\"font-size: 16px; line-height: 24px; color: #ffffff; text-align: left; margin-bottom: 10px;\">\u010ce si talentiran, si \u017eeli\u0161 razviti svoje talente in uresni\u010diti svoje sanje, potem je to \u017ee prvi korak. \u010ce pa se prepozna\u0161 tudi v napisanem, potem je velika verjetnost, da skupaj lahko dose\u017eemo veliko.<\/p>\n<p style=\"font-size: 16px; line-height: 24px; color: #ffffff; text-align: left; margin-bottom: 10px;\">Prijavi se, napi\u0161i \u010dim ve\u010d o sebi, saj nas zanima\u0161 predvsem ti \u2013 kot oseba, sanja\u010d, vizionar, \u0161portnik, raziskovalec \u2026 talentiran \u010dlovek, ki \u017eeli uresni\u010diti svoje \u017eelje in cilje.<\/p>\n<p>[\/vc_column_text][vc_empty_space height=&#8221;20px&#8221;]<a  itemprop=\"url\" href=\"mailto:talenti@sabex-international.com\" target=\"_self\"  class=\"qbutton  default\" style=\"color: #ffffff; background-color: #ff5a00;\">PI\u0160I NAM IN SE NAM PREDSTAVI<\/a>[vc_empty_space height=&#8221;20px&#8221;][\/vc_column_inner][vc_column_inner width=&#8221;2\/3&#8243;][\/vc_column_inner][\/vc_row_inner][\/vc_column][\/vc_row][vc_row row_type=&#8221;row&#8221; use_row_as_full_screen_section=&#8221;no&#8221; type=&#8221;grid&#8221; angled_section=&#8221;no&#8221; text_align=&#8221;left&#8221; background_image_as_pattern=&#8221;without_pattern&#8221; css_animation=&#8221;&#8221;][vc_column][vc_empty_space height=&#8221;50px&#8221;][vc_row_inner row_type=&#8221;row&#8221; type=&#8221;full_width&#8221; text_align=&#8221;left&#8221; css_animation=&#8221;&#8221;][vc_column_inner width=&#8221;1\/2&#8243;][vc_single_image image=&#8221;21671&#8243; img_size=&#8221;full&#8221; qode_css_animation=&#8221;&#8221;][\/vc_column_inner][vc_column_inner width=&#8221;1\/2&#8243;][vc_empty_space height=&#8221;50px&#8221;][vc_column_text]<\/p>\n<p style=\"font-size: 16px; line-height: 24px; margin-bottom: 10px;\"><span style=\"color: #000000;\">V Sabex-u so mi, kljub mladosti in neizku\u0161enosti, zaupali pomembno delo PR &amp; marketing managerja. Verjamejo, da je pripravljenost za pridobivanje novih znanj in izku\u0161enj enako pomembna kot leta delovnih izku\u0161enj \u2013 ali pa \u0161e bolj.<\/span><\/p>\n<p style=\"color: #333333; font-size: 24px; line-height: 30px; margin-bottom: 10px;\"><em>\u010ce spodbujanju izobra\u017eevanja dodamo \u0161e spo\u0161tovanje, iskrenost in zaupanje, ki so zame glavna motivacija za delo, je res prijetno biti del Sabex ekipe.<\/em><\/p>\n<p style=\"font-size: 16px; line-height: 24px; margin-bottom: 10px;\"><span style=\"color: #000000;\">Prepri\u010dana namre\u010d sem, da so dobri odnosi med sodelavci, pa tudi zadostna koli\u010dina prete\u010denih kilometrov in popite kave, pogoj za uspe\u0161no izvajanje delovnih nalog in za dosego zastavljenih ciljev. In to vsak dan znova dokazujemo v Sabex-u.<\/span><\/p>\n<p>[\/vc_column_text][vc_empty_space height=&#8221;50px&#8221;][vc_single_image image=&#8221;21590&#8243; img_size=&#8221;full&#8221; qode_css_animation=&#8221;&#8221;][\/vc_column_inner][\/vc_row_inner][vc_empty_space height=&#8221;30px&#8221;][vc_row_inner row_type=&#8221;row&#8221; type=&#8221;full_width&#8221; text_align=&#8221;left&#8221; css_animation=&#8221;&#8221;][vc_column_inner width=&#8221;1\/2&#8243;][vc_empty_space height=&#8221;50px&#8221;][vc_column_text]<\/p>\n<p style=\"font-size: 16px; line-height: 24px; margin-bottom: 10px;\"><span style=\"color: #000000;\">Po\u010da\u0161\u010dena sem, da so me v Sabex-u izmed velikega \u0161tevila prijavljenih posameznikov prepoznali za tisto osebo, ki je lahko del mozaika, ki tvori celoto in prispeva k sami uspe\u0161nosti in prepoznavnosti podjetja.<\/span><\/p>\n<p style=\"color: #333333; font-size: 24px; line-height: 30px; margin-bottom: 10px;\"><em>Kljub mladosti so mi omogo\u010dili, da s svojimi kompetencami, iskrenostjo in po\u0161tenostjo nadgradim svoje \u017ee pridobljeno znanje in s tem postanem bolj\u0161a, tako v slu\u017ebi kot v privatnem \u017eivljenju.<\/em><\/p>\n<p style=\"font-size: 16px; line-height: 24px; margin-bottom: 10px;\"><span style=\"color: #000000;\">Sam tim Sabex-a me je brezpogojno sprejel in tako vsak dan znova in znova skupaj re\u0161ujemo izzive ter s proaktivnostjo in odkrito komunikacijo postajamo vedno bolj\u0161i. Menim, da sta dobra volja in povezanost glavni klju\u010d, da se v samem timu po\u010dutimo dobro in \u010dutimo pripadnost podjetju samemu.<\/span><\/p>\n<p>[\/vc_column_text][vc_empty_space height=&#8221;50px&#8221;][vc_single_image image=&#8221;21596&#8243; img_size=&#8221;full&#8221; qode_css_animation=&#8221;&#8221;][\/vc_column_inner][vc_column_inner width=&#8221;1\/2&#8243;][vc_single_image image=&#8221;21600&#8243; img_size=&#8221;full&#8221; qode_css_animation=&#8221;&#8221;][\/vc_column_inner][\/vc_row_inner][vc_empty_space height=&#8221;30px&#8221;][vc_row_inner row_type=&#8221;row&#8221; type=&#8221;full_width&#8221; text_align=&#8221;left&#8221; css_animation=&#8221;&#8221;][vc_column_inner width=&#8221;1\/2&#8243;][vc_single_image image=&#8221;21611&#8243; img_size=&#8221;full&#8221; qode_css_animation=&#8221;&#8221;][\/vc_column_inner][vc_column_inner width=&#8221;1\/2&#8243;][vc_empty_space height=&#8221;50px&#8221;][vc_column_text]<\/p>\n<p style=\"font-size: 16px; line-height: 24px; margin-bottom: 10px;\"><span style=\"color: #000000;\">Ker od majhnih nog u\u017eivam v delu z ljudmi in kozmetiko, me je takoj pritegnil razpis za delo lepotne svetovalke za lekarne pri Sabex-u. \u010ceprav nisem imela delovnih izku\u0161enj na podobnem delovnem mestu, so pri podjetju prepoznali mojo ambicioznost in iskreno \u017eeljo po novih znanjih. Poleg za\u010detnega izobra\u017eevanja so mi nudili nenehne strokovne nasvete in pomo\u010d, kar se je zelo hitro pri\u010delo odra\u017eati na prodajnih rezultatih.<\/span><\/p>\n<p style=\"color: #333333; font-size: 24px; line-height: 30px; margin-bottom: 10px;\"><em>Tako sem kmalu napredovala na delovno mesto Prodajne predstavnice za kozmetiko Nuxe za vzhodni del Slovenije. Obenem pa nudim pomo\u010d vsem na\u0161im lepotnim svetovalkam in nanje prena\u0161am svoje znanje s podro\u010dja dela v lekarnah, komunikacije s strankami in uspe\u0161ne prodaje.<\/em><\/p>\n<p style=\"font-size: 16px; line-height: 24px; margin-bottom: 10px;\"><span style=\"color: #000000;\">Z najve\u010djim veseljem pa \u0161e vedno opravim kak\u0161no svetovanje in u\u017eivam v navezovanju pristnih stikov s prodajnimi mesti.<\/span><\/p>\n<p style=\"font-size: 16px; line-height: 24px; margin-bottom: 10px;\"><span style=\"color: #000000;\">Da sem pri opravljanju svojega dela tako uspe\u0161na in zadovoljna, so v veliki meri zaslu\u017eni pri Sabex-u. Saj smo skupaj kot ena velika dru\u017eina, ki izjemno ceni odkrito komunikacijo, spo\u0161tovanje in nesebi\u010dno medsebojno pomo\u010d, kar nam pomaga uresni\u010devati zastavljene cilje.<\/span><\/p>\n<p>[\/vc_column_text][vc_empty_space height=&#8221;50px&#8221;][vc_single_image image=&#8221;21691&#8243; img_size=&#8221;full&#8221; qode_css_animation=&#8221;&#8221;][\/vc_column_inner][\/vc_row_inner][vc_empty_space height=&#8221;30px&#8221;][\/vc_column][\/vc_row][vc_row row_type=&#8221;row&#8221; use_row_as_full_screen_section=&#8221;no&#8221; type=&#8221;full_width&#8221; angled_section=&#8221;no&#8221; text_align=&#8221;center&#8221; background_image_as_pattern=&#8221;without_pattern&#8221; background_color=&#8221;#0268b3&#8243; css_animation=&#8221;&#8221; css=&#8221;.vc_custom_1537967693155{margin-top: 50px !important;margin-bottom: 0px !important;padding-top: 70px !important;padding-bottom: 70px !important;}&#8221;][vc_column][vc_column_text]<\/p>\n<h2 style=\"text-align: center; color: #ffffff;\">SE VIDI\u0160 V NA\u0160EM TIMU?<\/h2>\n<p>[\/vc_column_text][vc_empty_space height=&#8221;10px&#8221;][\/vc_column][\/vc_row]<\/p>\n","protected":false},"excerpt":{"rendered":"<p>[vc_row row_type=&#8221;row&#8221; use_row_as_full_screen_section=&#8221;yes&#8221; type=&#8221;grid&#8221; angled_section=&#8221;no&#8221; text_align=&#8221;center&#8221; background_image=&#8221;21736&#8243; background_image_as_pattern=&#8221;without_pattern&#8221; css_animation=&#8221;&#8221; el_class=&#8221;classForFixChrome&#8221;][vc_column][vc_empty_space height=&#8221;300px&#8221; el_class=&#8221;mobile-hide&#8221;][vc_column_text] TALENT JE ZA NAS ODLI\u010cEN ZA\u010cETEK, A TUDI DIAMANT POTREBUJE BRU\u0160ENJE [\/vc_column_text][vc_empty_space height=&#8221;24px&#8221;][vc_single_image image=&#8221;21730&#8243; img_size=&#8221;full&#8221; alignment=&#8221;center&#8221; qode_css_animation=&#8221;&#8221; el_class=&#8221;mobile-hide&#8221;][vc_empty_space height=&#8221;10px&#8221;][vc_empty_space height=&#8221;120px&#8221; el_class=&#8221;mobile-hide&#8221;][vc_single_image image=&#8221;21527&#8243; img_size=&#8221;full&#8221; alignment=&#8221;center&#8221; qode_css_animation=&#8221;&#8221; el_class=&#8221;mobile-hide&#8221;][vc_empty_space height=&#8221;70px&#8221;][\/vc_column][\/vc_row][vc_row row_type=&#8221;row&#8221; use_row_as_full_screen_section=&#8221;no&#8221; type=&#8221;grid&#8221; angled_section=&#8221;no&#8221; text_align=&#8221;left&#8221; background_image_as_pattern=&#8221;without_pattern&#8221;&#8230;<\/p>\n","protected":false},"author":1,"featured_media":0,"parent":0,"menu_order":0,"comment_status":"closed","ping_status":"closed","template":"full_width.php","meta":{"footnotes":""},"class_list":["post-21526","page","type-page","status-publish","hentry"],"_links":{"self":[{"href":"https:\/\/www.sabex.si\/sl\/wp-json\/wp\/v2\/pages\/21526","targetHints":{"allow":["GET"]}}],"collection":[{"href":"https:\/\/www.sabex.si\/sl\/wp-json\/wp\/v2\/pages"}],"about":[{"href":"https:\/\/www.sabex.si\/sl\/wp-json\/wp\/v2\/types\/page"}],"author":[{"embeddable":true,"href":"https:\/\/www.sabex.si\/sl\/wp-json\/wp\/v2\/users\/1"}],"replies":[{"embeddable":true,"href":"https:\/\/www.sabex.si\/sl\/wp-json\/wp\/v2\/comments?post=21526"}],"version-history":[{"count":31,"href":"https:\/\/www.sabex.si\/sl\/wp-json\/wp\/v2\/pages\/21526\/revisions"}],"predecessor-version":[{"id":25033,"href":"https:\/\/www.sabex.si\/sl\/wp-json\/wp\/v2\/pages\/21526\/revisions\/25033"}],"wp:attachment":[{"href":"https:\/\/www.sabex.si\/sl\/wp-json\/wp\/v2\/media?parent=21526"}],"curies":[{"name":"wp","href":"https:\/\/api.w.org\/{rel}","templated":true}]}}