{"id":19628,"date":"2016-11-22T16:15:33","date_gmt":"2016-11-22T15:15:33","guid":{"rendered":"https:\/\/www.sabex-international.com\/?page_id=19628&#038;lang=sl"},"modified":"2022-04-15T10:25:20","modified_gmt":"2022-04-15T08:25:20","slug":"kariera","status":"publish","type":"page","link":"https:\/\/www.sabex.si\/sl\/kariera\/","title":{"rendered":"Kariera"},"content":{"rendered":"<p>[vc_row row_type=&#8221;row&#8221; use_row_as_full_screen_section=&#8221;no&#8221; type=&#8221;full_width&#8221; angled_section=&#8221;no&#8221; text_align=&#8221;center&#8221; background_image_as_pattern=&#8221;without_pattern&#8221; css_animation=&#8221;&#8221;][vc_column][vc_empty_space height=&#8221;52px&#8221;]<a  itemprop=\"url\" href=\"https:\/\/sabex9.talentlyft.com\/slo\" target=\"_blank\"  class=\"qbutton  large default\" style=\"border-color: #ff5a00; font-weight: 700; background-color: #ff5a00;\">AKTUALNA PROSTA DELOVNA MESTA<\/a>[vc_empty_space height=&#8221;52px&#8221;][\/vc_column][\/vc_row][vc_row row_type=&#8221;row&#8221; use_row_as_full_screen_section=&#8221;no&#8221; type=&#8221;full_width&#8221; angled_section=&#8221;no&#8221; text_align=&#8221;left&#8221; background_image_as_pattern=&#8221;without_pattern&#8221; css_animation=&#8221;&#8221;][vc_column][vc_column_text]<\/p>\n<h2 style=\"text-align: center; color: #0268b3;\"><span class=\"tx\">KAKO JE DELATI PRI NAS?<br \/>\n<\/span><\/h2>\n<p>[\/vc_column_text][vc_empty_space height=&#8221;52px&#8221;][\/vc_column][\/vc_row][vc_row row_type=&#8221;row&#8221; use_row_as_full_screen_section=&#8221;no&#8221; type=&#8221;full_width&#8221; angled_section=&#8221;no&#8221; text_align=&#8221;left&#8221; background_image_as_pattern=&#8221;without_pattern&#8221; css_animation=&#8221;&#8221;][vc_column width=&#8221;1\/2&#8243;][vc_single_image image=&#8221;19787&#8243; img_size=&#8221;large&#8221; qode_css_animation=&#8221;&#8221;][vc_empty_space height=&#8221;30px&#8221;][vc_column_text]<\/p>\n<h2 style=\"text-align: center; color: #58585a; font-size: 16px;\"><span class=\"tx f122\">PROFESIONALIZEM KOT OSNOVA ZA DELO <\/span><\/h2>\n<p>[\/vc_column_text][vc_empty_space height=&#8221;30px&#8221;][vc_column_text]<span class=\"tx\">Verjamemo v po\u0161tenost kot eno izmed osnovnih vrednot na\u0161ih zaposlenih. Profesionalizem v <\/span><span class=\"tx\">opravljanju dela, poleg uspe\u0161nega obvladovanja zastavljenih nalog in stalnega izbolj\u0161evanja, <\/span><span class=\"tx\">vklju\u010duje tudi moralni in eti\u010dni odnos do opravljanja dela in odnosov do sodelavcev. <\/span><span class=\"tx\">Zaupanje in dobra organizacija na\u0161ega tima nam omogo\u010da, da se uspe\u0161no sre\u010dujemo z <\/span><span class=\"tx\">vsakodnevnimi nalogami in obveznostmi, s ciljem, da dose\u017eemo najbolj\u0161e rezultate in <\/span><span class=\"tx\">osebno zadovoljstvo. <\/span><\/p>\n<p>&nbsp;<\/p>\n<p><span class=\"tx\">To je razlog, da veliko energije vlagamo v nove tehnologije in <\/span><span class=\"tx\">programe, ki nam omogo\u010dajo bolj\u0161o organizacijo dela, jasen pregled nad na\u0161imi obveznostmi <\/span><span class=\"tx\">in opravljanjem dela ter pripomorejo k bolj\u0161emu sodelovanju znotraj tima. <\/span>[\/vc_column_text][\/vc_column][vc_column width=&#8221;1\/2&#8243;][vc_single_image image=&#8221;19791&#8243; img_size=&#8221;large&#8221; qode_css_animation=&#8221;&#8221;][vc_empty_space height=&#8221;30px&#8221;][vc_column_text]<\/p>\n<h2 style=\"text-align: center; color: #58585a; font-size: 16px;\"><span class=\"tx f122\">KDO SESTAVLJA NA\u0160 TIM? <\/span><\/h2>\n<p>[\/vc_column_text][vc_empty_space height=&#8221;30px&#8221;][vc_column_text]<span style=\"color: #000000;\">Na\u0161 tim sestavljajo mladi profesionalci, ki so zaljubljeni v svoje delo in obo\u017eujejo uspehe ter nenehno izbolj\u0161evanje. Kot majhno podjetje smo sodelavci med seboj tesno povezani in negujemo kulturo timskega dela. Na ta na\u010din stremimo k \u0161e bolj\u0161im rezultatom, s primerno dozo kave in smeha pa premagamo tudi najbolj stresne situacije.<\/span><\/p>\n<p>&nbsp;<\/p>\n<p><span style=\"color: #000000;\">Lepotne svetovalke, brand managerji, pisarni\u0161ki in skladi\u0161\u010dni delavci, PR &amp; marketing managerke, grafi\u010dne oblikovalke, prodajne predstavnice in direktor \u2013 vsi se med seboj dopolnjujemo, si pomagamo ter s tem ohranjamo Sabex kot podjetje s prijetno poslovno klimo.<\/span><\/p>\n<p>&nbsp;<\/p>\n<p><span style=\"color: #000000;\">Ko delamo, delamo s srcem \u2013 na prvem mestu se nahaja odgovornost do dodeljenih nalog in njihovih realizacij.<\/span>[\/vc_column_text][\/vc_column][\/vc_row][vc_row row_type=&#8221;row&#8221; use_row_as_full_screen_section=&#8221;no&#8221; type=&#8221;full_width&#8221; angled_section=&#8221;no&#8221; text_align=&#8221;left&#8221; background_image_as_pattern=&#8221;without_pattern&#8221; css_animation=&#8221;&#8221;][vc_column][vc_empty_space height=&#8221;52px&#8221;][\/vc_column][\/vc_row][vc_row row_type=&#8221;row&#8221; use_row_as_full_screen_section=&#8221;no&#8221; type=&#8221;full_width&#8221; angled_section=&#8221;no&#8221; text_align=&#8221;left&#8221; background_image_as_pattern=&#8221;without_pattern&#8221; css_animation=&#8221;&#8221;][vc_column][vc_column_text]<\/p>\n<p style=\"text-align: center; vertical-align: text-top;\"><img loading=\"lazy\" decoding=\"async\" class=\"alignnone size-full wp-image-21482\" src=\"https:\/\/www.sabex.si\/wp-content\/uploads\/2016\/11\/Blaz.png\" alt=\"Blaz\" width=\"142\" height=\"189\" \/>\u00a0 \u00a0 \u00a0 \u00a0 \u00a0\u00a0<img loading=\"lazy\" decoding=\"async\" class=\"alignnone size-full wp-image-21499\" src=\"https:\/\/www.sabex.si\/wp-content\/uploads\/2016\/11\/BlazCitat_SLO-1.png\" alt=\"BlazCitat_SLO\" width=\"740\" height=\"185\" srcset=\"https:\/\/www.sabex.si\/wp-content\/uploads\/2016\/11\/BlazCitat_SLO-1.png 740w, https:\/\/www.sabex.si\/wp-content\/uploads\/2016\/11\/BlazCitat_SLO-1-300x75.png 300w, https:\/\/www.sabex.si\/wp-content\/uploads\/2016\/11\/BlazCitat_SLO-1-700x175.png 700w\" sizes=\"auto, (max-width: 740px) 100vw, 740px\" \/><\/p>\n<p>[\/vc_column_text][vc_empty_space height=&#8221;72px&#8221;][\/vc_column][\/vc_row][vc_row row_type=&#8221;row&#8221; use_row_as_full_screen_section=&#8221;no&#8221; type=&#8221;full_width&#8221; angled_section=&#8221;no&#8221; text_align=&#8221;left&#8221; background_image_as_pattern=&#8221;without_pattern&#8221; css_animation=&#8221;&#8221;][vc_column width=&#8221;1\/2&#8243;][vc_empty_space height=&#8221;50px&#8221;][vc_column_text]<\/p>\n<h2 style=\"text-align: center; color: #58585a; font-size: 16px;\"><span class=\"tx\">NENEHNO IZOBRA\u017dEVANJE IN U\u010cENJE <\/span><\/h2>\n<p>[\/vc_column_text][vc_empty_space height=&#8221;30px&#8221;][vc_column_text]<span class=\"tx\">Za na\u0161e podjetje je nenehno izbolj\u0161evanje na podro\u010djih na\u0161ega dela izjemnega pomena. <\/span><span class=\"tx\">Nenehno spremljamo tudi nove tehnologije, ki nam omogo\u010dajo prilagajanje hitro <\/span><span class=\"tx\">spreminjajo\u010demu se svetu. Zato veliko \u010dasa namenjamo raziskovanju in kakovostnim <\/span><span class=\"tx\">izobra\u017eevanjem na\u0161ih zaposlenih. <\/span><\/p>\n<p><span class=\"tx\">Glede na to, da je Sabex mednarodno podjetje, si s pomo\u010djo sodobnih spletnih orodij vsak <\/span><span class=\"tx\">dan delimo znanja in izku\u0161nje s sodelavci na Hrva\u0161kem in v Srbiji. \u010ceprav smo oddaljeni ve\u010d <\/span><span class=\"tx\">sto kilometrov, imamo vsak dan ob\u010dutek kot da sedimo v isti pisarni. <\/span><\/p>\n<p><span class=\"tx\">Izmenjava izku\u0161enj in idej, ki si jih zaupamo med kavo, ko si vzamemo \u010das za <\/span><span class=\"tx\">\u00bbbrainstorming\u00ab, nam omogo\u010da izdelavo lastnega know-how sistema. <\/span>[\/vc_column_text][\/vc_column][vc_column width=&#8221;1\/2&#8243;][vc_empty_space height=&#8221;50px&#8221;][vc_column_text]<\/p>\n<h2 style=\"text-align: center; color: #58585a; font-size: 16px;\"><span class=\"tx f122\">PO SLU\u017dBI JE NA VRSTI ZABAVA <\/span><\/h2>\n<p>[\/vc_column_text][vc_empty_space height=&#8221;30px&#8221;][vc_column_text]<\/p>\n<p style=\"text-align: left; width: 90%; color: #58585a;\"><span class=\"tx\">V Sabex-u se zavedamo, da po uspe\u0161no opravljenemu delu, sledi zabava. Organiziramo <\/span><span class=\"tx\">\u0161tevilne prireditve za medije in farmacevte, kjer zdru\u017eujemo oboje: slu\u017ebo in u\u017eitek. Ob <\/span><span class=\"tx\">koncu leta imamo tradicionalno ve\u010derjo, kjer proslavljamo uspe\u0161en zaklju\u010dek leta in <\/span><span class=\"tx\">nazdravljamo na vse nove izzive, ki prihajajo v prihajajo\u010dem letu. <\/span><\/p>\n<p>[\/vc_column_text][\/vc_column][\/vc_row][vc_row row_type=&#8221;row&#8221; use_row_as_full_screen_section=&#8221;no&#8221; type=&#8221;full_width&#8221; angled_section=&#8221;no&#8221; text_align=&#8221;left&#8221; background_image_as_pattern=&#8221;without_pattern&#8221; css_animation=&#8221;&#8221;][vc_column][vc_empty_space height=&#8221;52px&#8221;][\/vc_column][\/vc_row][vc_row row_type=&#8221;parallax&#8221; parallax_content_width=&#8221;full_width&#8221; text_align=&#8221;left&#8221; full_screen_section_height=&#8221;no&#8221;][vc_column][vc_column_text]<\/p>\n<h2 style=\"text-align: center; color: #0268b3;\"><span class=\"tx\">PROCES ZAPOSLOVANJA<br \/>\n<\/span><\/h2>\n<p>[\/vc_column_text][vc_empty_space][vc_empty_space height=&#8221;30px&#8221;][vc_row_inner row_type=&#8221;row&#8221; type=&#8221;full_width&#8221; text_align=&#8221;left&#8221; css_animation=&#8221;&#8221;][vc_column_inner width=&#8221;2\/3&#8243;][vc_column_text]<\/p>\n<h2 style=\"color: #58585a; font-size: 16px; text-align: left;\">1. Kako se prijaviti?<\/h2>\n<p>[\/vc_column_text][vc_empty_space height=&#8221;10px&#8221;][vc_column_text]<\/p>\n<p style=\"text-align: left; color: #58585a; margin-bottom: 15px;\"><span class=\"tx\">V primeru prostih delovnih mest se lahko prijavite na razpisano delovno mesto, po\u0161ljete \u017eivljenjepis skupaj z va\u0161o fotografijo in izpolnite obrazec na na\u0161i internetni strani pod rubriko <span style=\"text-decoration: underline;\"><a href=\"https:\/\/sabex9.talentlyft.com\/slo\" target=\"_blank\" rel=\"noopener\"><span class=\"tx f122\" style=\"color: #ff5a00; text-decoration: underline;\">Trenutno zaposlimo<\/span><\/a><\/span>, ali se prijavite preko internetnih strani za iskanje slu\u017ebe kot so Moje delo (SLO), MojPosao (HR) in Infostud (SRB).<br \/>\n<\/span><\/p>\n<p style=\"text-align: left; color: #58585a; margin-bottom: 15px;\"><span class=\"tx\">Po zaklju\u010dku roka za prijavo bomo na podlagi prejetih pro\u0161enj in \u017eivljenjepisov izbrali o\u017eje kandidate, ki izpolnjujejo minimalne zahteve, navedene v oglasu, in jih povabili na prvi razgovor. <\/span><\/p>\n<p>[\/vc_column_text][vc_empty_space height=&#8221;20px&#8221;][vc_column_text]<\/p>\n<h2 style=\"color: #58585a; font-size: 16px; text-align: left;\">2. Prvi krog razgovorov za delovno mesto<\/h2>\n<p>[\/vc_column_text][vc_empty_space height=&#8221;10px&#8221;][vc_column_text]<\/p>\n<p style=\"text-align: left; color: #58585a; margin-bottom: 15px;\"><span class=\"tx\">V uvodnem spoznavanju je na\u0161 cilj kandidatu na kratko predstaviti naloge in odgovornost navedenega delovnega mesta, da pridobi okvirno sliko, kaj se od njega pri\u010dakuje. Od kandidatov pri\u010dakujemo, da se nam predstavijo, nam zaupajo svoje karierne ambicije, \u017eelje in motive za prijavo na dolo\u010deno delovno mesto. <\/span><\/p>\n<p style=\"text-align: left; color: #58585a; margin-bottom: 15px;\"><span class=\"tx\">Pred \u0161tevilnimi izku\u0161njami, ki jih je posamezen kandidat pridobil v svoji karieri, nam je bolj pomembna njegova osebnost, saj verjamemo, da se oseba z dovolj velikim interesom in \u017eeljo po delu v dolo\u010deni kategoriji, lahko hitro u\u010di in obvlada vse potrebne naloge. Cenimo zmagovalni duh kandidata ter zdrav odnos do \u017eivljenja. <\/span><\/p>\n<p>[\/vc_column_text][vc_empty_space height=&#8221;20px&#8221;][vc_column_text]<\/p>\n<h2 style=\"color: #58585a; font-size: 16px; text-align: left;\">3. Drugi krog razgovorov za delovno mesto<\/h2>\n<p>[\/vc_column_text][vc_empty_space height=&#8221;10px&#8221;][vc_column_text]<\/p>\n<p style=\"text-align: left; color: #58585a; margin-bottom: 15px;\"><span class=\"tx\">V drugi krog se uvrsti maksimalno 3-5 izbranih kandidatov. Na drugem razgovoru se razkrijejo vse podrobnosti o naravi dela ter o zadol\u017eitvah na dolo\u010denem delovnem mestu. Pogovorimo se tudi o vseh podrobnostih, potrebnih za sklenitev pogodbe. Nato izberemo enega kandidata (oziroma odvisno od razpisanih prostih mest) in z njim sklenemo Pogodbo o zaposlitvi.<br \/>\n<\/span><\/p>\n<p>[\/vc_column_text][vc_empty_space height=&#8221;10px&#8221;][\/vc_column_inner][vc_column_inner width=&#8221;1\/3&#8243;][vc_single_image image=&#8221;19781&#8243; img_size=&#8221;large&#8221; qode_css_animation=&#8221;&#8221;][\/vc_column_inner][\/vc_row_inner][vc_empty_space height=&#8221;72px&#8221;][vc_row_inner row_type=&#8221;row&#8221; type=&#8221;full_width&#8221; text_align=&#8221;left&#8221; css_animation=&#8221;&#8221; el_id=&#8221;TrenutnoTrazimo&#8221;][vc_column_inner][\/vc_column_inner][\/vc_row_inner][\/vc_column][\/vc_row][vc_row row_type=&#8221;parallax&#8221; parallax_content_width=&#8221;full_width&#8221; text_align=&#8221;left&#8221; full_screen_section_height=&#8221;no&#8221; el_id=&#8221;OtvorenaMolba&#8221;][vc_column offset=&#8221;vc_hidden-lg vc_hidden-md vc_hidden-sm vc_hidden-xs&#8221;][vc_column_text]<\/p>\n<h2 style=\"text-align: center; color: #0268b3;\">POTENCIALNI SODELAVCI<\/h2>\n<p>[\/vc_column_text][vc_column_text]<\/p>\n<p style=\"color: #58585a; text-align: center;\"><span class=\"tx\">Po\u0161ljite pro\u0161njo<\/span><\/p>\n<p>[\/vc_column_text][vc_empty_space][vc_row_inner row_type=&#8221;row&#8221; type=&#8221;full_width&#8221; text_align=&#8221;left&#8221; css_animation=&#8221;&#8221;][vc_column_inner width=&#8221;1\/4&#8243;][\/vc_column_inner][vc_column_inner width=&#8221;1\/2&#8243;][vc_separator type=&#8221;normal&#8221;][vc_empty_space height=&#8221;16px&#8221;]<div role=\"form\" class=\"wpcf7\" id=\"wpcf7-f19630-o1\" lang=\"en-US\" dir=\"ltr\">\n<div class=\"screen-reader-response\"><p role=\"status\" aria-live=\"polite\" aria-atomic=\"true\"><\/p> <ul><\/ul><\/div>\n<form action=\"\/sl\/wp-json\/wp\/v2\/pages\/19628#wpcf7-f19630-o1\" method=\"post\" class=\"wpcf7-form init cf7_custom_style_1\" enctype=\"multipart\/form-data\" novalidate=\"novalidate\" data-status=\"init\">\n<div style=\"display: none;\">\n<input type=\"hidden\" name=\"_wpcf7\" value=\"19630\" \/>\n<input type=\"hidden\" name=\"_wpcf7_version\" value=\"5.5.4\" \/>\n<input type=\"hidden\" name=\"_wpcf7_locale\" value=\"en_US\" \/>\n<input type=\"hidden\" name=\"_wpcf7_unit_tag\" value=\"wpcf7-f19630-o1\" \/>\n<input type=\"hidden\" name=\"_wpcf7_container_post\" value=\"0\" \/>\n<input type=\"hidden\" name=\"_wpcf7_posted_data_hash\" value=\"\" \/>\n<\/div>\n<p><label> Va\u0161e ime (*Zahtevano polje)<br \/>\n    <span class=\"wpcf7-form-control-wrap your-name\"><input type=\"text\" name=\"your-name\" value=\"\" size=\"40\" class=\"wpcf7-form-control wpcf7-text wpcf7-validates-as-required\" aria-required=\"true\" aria-invalid=\"false\" \/><\/span> <\/label><\/p>\n<p><label> Va\u0161 e-mail (*Zahtevano polje)<br \/>\n    <span class=\"wpcf7-form-control-wrap your-email\"><input type=\"email\" name=\"your-email\" value=\"\" size=\"40\" class=\"wpcf7-form-control wpcf7-text wpcf7-email wpcf7-validates-as-required wpcf7-validates-as-email\" aria-required=\"true\" aria-invalid=\"false\" \/><\/span> <\/label><\/p>\n<p><label> Naslov<br \/>\n    <span class=\"wpcf7-form-control-wrap your-subject\"><input type=\"text\" name=\"your-subject\" value=\"\" size=\"40\" class=\"wpcf7-form-control wpcf7-text\" aria-invalid=\"false\" \/><\/span> <\/label><\/p>\n<p><label> Va\u0161a prijava<br \/>\n    <span class=\"wpcf7-form-control-wrap your-message\"><textarea name=\"your-message\" cols=\"40\" rows=\"10\" class=\"wpcf7-form-control wpcf7-textarea\" aria-invalid=\"false\"><\/textarea><\/span> <\/label><\/p>\n<p><label>Prilo\u017eite svoj \u017eivljenjepis<br \/>\n<span class=\"wpcf7-form-control-wrap file-958\"><input type=\"file\" name=\"file-958\" size=\"40\" class=\"wpcf7-form-control wpcf7-file wpcf7-validates-as-required\" accept=\".jpg,.jpeg,.png,.gif,.pdf,.doc,.docx,.ppt,.pptx,.odt,.avi,.ogg,.m4a,.mov,.mp3,.mp4,.mpg,.wav,.wmv\" aria-required=\"true\" aria-invalid=\"false\" \/><\/span><\/label><\/p>\n<p><label><input type=\"submit\" value=\"Po\u0161lji\" class=\"wpcf7-form-control has-spinner wpcf7-submit\" \/><\/label><\/p>\n<input type='hidden' class='wpcf7-pum' value='{\"closepopup\":false,\"closedelay\":0,\"openpopup\":false,\"openpopup_id\":0}' \/><div class=\"wpcf7-response-output\" aria-hidden=\"true\"><\/div><\/form><\/div>[vc_empty_space height=&#8221;16px&#8221;][vc_separator type=&#8221;normal&#8221;][\/vc_column_inner][vc_column_inner width=&#8221;1\/4&#8243;][\/vc_column_inner][\/vc_row_inner][\/vc_column][\/vc_row]<\/p>\n","protected":false},"excerpt":{"rendered":"<p>[vc_row row_type=&#8221;row&#8221; use_row_as_full_screen_section=&#8221;no&#8221; type=&#8221;full_width&#8221; angled_section=&#8221;no&#8221; text_align=&#8221;center&#8221; background_image_as_pattern=&#8221;without_pattern&#8221; css_animation=&#8221;&#8221;][vc_column][vc_empty_space height=&#8221;52px&#8221;][vc_empty_space height=&#8221;52px&#8221;][\/vc_column][\/vc_row][vc_row row_type=&#8221;row&#8221; use_row_as_full_screen_section=&#8221;no&#8221; type=&#8221;full_width&#8221; angled_section=&#8221;no&#8221; text_align=&#8221;left&#8221; background_image_as_pattern=&#8221;without_pattern&#8221; css_animation=&#8221;&#8221;][vc_column][vc_column_text] KAKO JE DELATI PRI NAS? [\/vc_column_text][vc_empty_space height=&#8221;52px&#8221;][\/vc_column][\/vc_row][vc_row row_type=&#8221;row&#8221; use_row_as_full_screen_section=&#8221;no&#8221; type=&#8221;full_width&#8221; angled_section=&#8221;no&#8221; text_align=&#8221;left&#8221; background_image_as_pattern=&#8221;without_pattern&#8221; css_animation=&#8221;&#8221;][vc_column width=&#8221;1\/2&#8243;][vc_single_image image=&#8221;19787&#8243; img_size=&#8221;large&#8221; qode_css_animation=&#8221;&#8221;][vc_empty_space height=&#8221;30px&#8221;][vc_column_text] PROFESIONALIZEM KOT OSNOVA ZA DELO [\/vc_column_text][vc_empty_space height=&#8221;30px&#8221;][vc_column_text]Verjamemo v po\u0161tenost&#8230;<\/p>\n","protected":false},"author":1,"featured_media":0,"parent":0,"menu_order":0,"comment_status":"closed","ping_status":"closed","template":"","meta":{"footnotes":""},"class_list":["post-19628","page","type-page","status-publish","hentry"],"_links":{"self":[{"href":"https:\/\/www.sabex.si\/sl\/wp-json\/wp\/v2\/pages\/19628","targetHints":{"allow":["GET"]}}],"collection":[{"href":"https:\/\/www.sabex.si\/sl\/wp-json\/wp\/v2\/pages"}],"about":[{"href":"https:\/\/www.sabex.si\/sl\/wp-json\/wp\/v2\/types\/page"}],"author":[{"embeddable":true,"href":"https:\/\/www.sabex.si\/sl\/wp-json\/wp\/v2\/users\/1"}],"replies":[{"embeddable":true,"href":"https:\/\/www.sabex.si\/sl\/wp-json\/wp\/v2\/comments?post=19628"}],"version-history":[{"count":112,"href":"https:\/\/www.sabex.si\/sl\/wp-json\/wp\/v2\/pages\/19628\/revisions"}],"predecessor-version":[{"id":25040,"href":"https:\/\/www.sabex.si\/sl\/wp-json\/wp\/v2\/pages\/19628\/revisions\/25040"}],"wp:attachment":[{"href":"https:\/\/www.sabex.si\/sl\/wp-json\/wp\/v2\/media?parent=19628"}],"curies":[{"name":"wp","href":"https:\/\/api.w.org\/{rel}","templated":true}]}}