{"id":18874,"date":"2016-10-24T11:52:58","date_gmt":"2016-10-24T09:52:58","guid":{"rendered":"https:\/\/sabex-international.com\/test\/?page_id=18874&#038;lang=sl"},"modified":"2025-06-25T11:01:46","modified_gmt":"2025-06-25T09:01:46","slug":"o-nas","status":"publish","type":"page","link":"https:\/\/www.sabex.si\/sl\/o-nas\/","title":{"rendered":"O nas"},"content":{"rendered":"<p>[vc_row row_type=&#8221;row&#8221; use_row_as_full_screen_section=&#8221;no&#8221; type=&#8221;full_width&#8221; angled_section=&#8221;no&#8221; text_align=&#8221;left&#8221; background_image_as_pattern=&#8221;without_pattern&#8221; css_animation=&#8221;&#8221;][vc_column][vc_empty_space][vc_column_text el_class=&#8221;aboutnaslov&#8221;]<\/p>\n<h2 style=\"text-align: center; color: #0268b3;\"><span class=\"tx\">ENERGIJA, VZTRAJNOST IN STRAST<br \/>\n<\/span><\/h2>\n<p>[\/vc_column_text][\/vc_column][\/vc_row][vc_row row_type=&#8221;row&#8221; use_row_as_full_screen_section=&#8221;no&#8221; type=&#8221;grid&#8221; anchor=&#8221;portfolio&#8221; angled_section=&#8221;no&#8221; text_align=&#8221;left&#8221; background_image_as_pattern=&#8221;without_pattern&#8221; background_color=&#8221;#ffffff&#8221; border_color=&#8221;#efefef&#8221; padding_top=&#8221;91&#8243; padding_bottom=&#8221;0&#8243; css_animation=&#8221;&#8221;][vc_column][vc_row_inner row_type=&#8221;row&#8221; type=&#8221;full_width&#8221; text_align=&#8221;left&#8221; css_animation=&#8221;&#8221;][vc_column_inner width=&#8221;1\/2&#8243;][vc_single_image image=&#8221;26853&#8243; img_size=&#8221;large&#8221; alignment=&#8221;center&#8221; qode_css_animation=&#8221;element_from_left&#8221; transition_delay=&#8221;0.3&#8243;][vc_separator type=&#8221;transparent&#8221; up=&#8221;65&#8243; down=&#8221;0&#8243;][\/vc_column_inner][vc_column_inner width=&#8221;1\/2&#8243;][vc_separator type=&#8221;transparent&#8221; up=&#8221;3&#8243; down=&#8221;10&#8243;][vc_column_text]<\/p>\n<p style=\"text-align: left;\"><span class=\"tx\"><strong>Sabex<\/strong> <\/span><span class=\"tx\">je mednarodno podjetje za distribucijo in tr\u017eenje blagovnih znamk za nego, lepoto in zdravje. Na\u0161a podro\u010dja dela so: marketing in pozicioniranje, vzdr\u017eevanje blagovnih znamk ter distribucija na lokalnih tr\u017ei\u0161\u010dih Slovenije, Hrva\u0161ke in Srbije. <\/span><br \/>\n<span class=\"tx\">Prodajni kanali v katerih smo prisotni: lekarne in specializirane prodajalne, drogerije, selektivne prodajalne, lepotni saloni, direktna prodaja in internetna prodaja. <\/span><\/p>\n<p>&nbsp;<\/p>\n<div class=\"tb f142\"><span style=\"color: black;\">Na\u0161a mo\u010d je v pozicioniranju, gradnji in vzdr\u017eevanju znamk na lokalnih tr\u017ei\u0161\u010dih. Obvladujemo vse <\/span><span style=\"color: black;\">procese 360 stopinjskega marketinga. Dolgoro\u010dni cilj je stalna rast blagovnih znamk, ki jih zastopamo <\/span><span style=\"color: black;\">ter pove\u010devanje njihove vrednosti.<\/span><\/div>\n<div id=\"vizijaslo\"><\/div>\n<p>[\/vc_column_text][vc_separator type=&#8221;transparent&#8221; up=&#8221;8&#8243; down=&#8221;21&#8243;][\/vc_column_inner][\/vc_row_inner][\/vc_column][\/vc_row][vc_row row_type=&#8221;row&#8221; use_row_as_full_screen_section=&#8221;no&#8221; type=&#8221;grid&#8221; anchor=&#8221;portfolio&#8221; angled_section=&#8221;no&#8221; text_align=&#8221;left&#8221; background_image_as_pattern=&#8221;without_pattern&#8221; background_color=&#8221;#f9f9f9&#8243; border_color=&#8221;#efefef&#8221; padding_top=&#8221;81&#8243; padding_bottom=&#8221;0&#8243; css_animation=&#8221;&#8221;][vc_column][vc_row_inner row_type=&#8221;row&#8221; type=&#8221;full_width&#8221; text_align=&#8221;left&#8221; css_animation=&#8221;&#8221;][vc_column_inner][vc_column_text el_class=&#8221;aboutnaslov2&#8243;]<\/p>\n<h2 style=\"text-align: center; color: #0268b3;\">NA\u0160E POSLOVANJE JE<br \/>\n<span class=\"tx\">ODRAZ NA\u0160E VIZIJE, POSLANSTVA IN VREDNOT<\/span><\/h2>\n<p>[\/vc_column_text][vc_empty_space height=&#8221;64px&#8221;][\/vc_column_inner][\/vc_row_inner][\/vc_column][\/vc_row][vc_row row_type=&#8221;row&#8221; use_row_as_full_screen_section=&#8221;no&#8221; type=&#8221;grid&#8221; anchor=&#8221;portfolio&#8221; angled_section=&#8221;no&#8221; text_align=&#8221;left&#8221; background_image_as_pattern=&#8221;without_pattern&#8221; background_color=&#8221;#ffffff&#8221; border_color=&#8221;#efefef&#8221; padding_top=&#8221;81&#8243; padding_bottom=&#8221;0&#8243; css_animation=&#8221;element_from_fade&#8221; transition_delay=&#8221;0,5&#8243;][vc_column width=&#8221;1\/2&#8243;][vc_row_inner row_type=&#8221;row&#8221; type=&#8221;full_width&#8221; anchor=&#8221;vizijaslo&#8221; text_align=&#8221;left&#8221; css_animation=&#8221;&#8221;][vc_column_inner][vc_single_image image=&#8221;26841&#8243; img_size=&#8221;large&#8221; alignment=&#8221;center&#8221; qode_css_animation=&#8221;element_from_left&#8221;][vc_separator type=&#8221;transparent&#8221; up=&#8221;3&#8243; down=&#8221;10&#8243;][vc_column_text]<\/p>\n<h3 style=\"text-align: center;\"><strong><span class=\"tx\">VIZIJA<\/span><\/strong><\/h3>\n<p>[\/vc_column_text][vc_empty_space height=&#8221;10px&#8221;][vc_column_text]<span class=\"tx\">Postati \u017eelimo vodilni distributer v prodaji na prebivalca za znamke, ki jih zastopamo. To pomeni, da <\/span><span class=\"tx\">za vsako znamko, ki jo zastopamo vlo\u017eimo maksimalne napore, da dose\u017eemo odli\u010dnost v <\/span><span class=\"tx\">komuniciranju in prodaji. S timom predanih strokovnjakov pokrivamo podro\u010dja <\/span><span class=\"tx\">dermatologije, naravne kozmetike, organske kozmetike, selektivne kozmetike, nohtov in li\u010dil ter <\/span><span class=\"tx\">dodatkov k prehrani.<\/span><\/p>\n<p><span class=\"tx\">Kupci in njihova \u017eelja po kakovostnem \u017eivljenju sta najpomembnej\u0161a, zato se usmerjamo predvsem v osebni odnos in razvoj <\/span><span class=\"tx\">storitev ob nakupu. <\/span><\/p>\n<div id=\"vrednostislo\"><\/div>\n<p>[\/vc_column_text][vc_empty_space][\/vc_column_inner][\/vc_row_inner][\/vc_column][vc_column width=&#8221;1\/2&#8243;][vc_row_inner row_type=&#8221;row&#8221; type=&#8221;full_width&#8221; text_align=&#8221;left&#8221; css_animation=&#8221;&#8221;][vc_column_inner][vc_single_image image=&#8221;19337&#8243; img_size=&#8221;large&#8221; alignment=&#8221;center&#8221; qode_css_animation=&#8221;element_from_right&#8221; transition_delay=&#8221;0,3&#8243;][vc_separator type=&#8221;transparent&#8221; up=&#8221;3&#8243; down=&#8221;10&#8243;][vc_column_text]<\/p>\n<h3 style=\"text-align: center;\"><strong><span class=\"tx\">POSLANSTVO<\/span><\/strong><\/h3>\n<p>[\/vc_column_text][vc_empty_space height=&#8221;10px&#8221;][vc_column_text]<span class=\"tx\">Vsem, ki posegajo po izdelkih za nego, lepoto in zdravje, nudimo vrhunske in zaupanja vredne izdelke vodilnih blagovnih znamk.<\/span><\/p>\n<p><span style=\"color: black;\">Inovacije in odli\u010dno razmerje kakovost &#8211; cena so skupni imenovalec znamk, ki jih zastopamo.<\/span>[\/vc_column_text][\/vc_column_inner][\/vc_row_inner][\/vc_column][\/vc_row][vc_row row_type=&#8221;row&#8221; use_row_as_full_screen_section=&#8221;no&#8221; type=&#8221;grid&#8221; anchor=&#8221;vrednostislo&#8221; angled_section=&#8221;no&#8221; text_align=&#8221;left&#8221; background_image_as_pattern=&#8221;without_pattern&#8221; background_color=&#8221;#f9f9f9&#8243; border_color=&#8221;#efefef&#8221; padding_top=&#8221;81&#8243; padding_bottom=&#8221;0&#8243; css_animation=&#8221;&#8221;][vc_column][vc_row_inner row_type=&#8221;row&#8221; type=&#8221;full_width&#8221; text_align=&#8221;left&#8221; css_animation=&#8221;element_from_fade&#8221; transition_delay=&#8221;0,3&#8243;][vc_column_inner][vc_empty_space][vc_column_text el_class=&#8221;naslovabout3&#8243;]<\/p>\n<h2 style=\"text-align: center; color: #0268b3;\"><span class=\"tx\">VREDNOTE<br \/>\n<\/span><\/h2>\n<div id=\"staff\"><\/div>\n<p>[\/vc_column_text][vc_empty_space height=&#8221;50px&#8221;][qode_circles columns=&#8221;four_columns&#8221; circle_line=&#8221;no_line&#8221;][qode_circle type=&#8221;text_type&#8221; text_in_circle_tag=&#8221;h4&#8243; text_in_circle_font_weight=&#8221;100&#8243; title_tag=&#8221;h4&#8243; border_color=&#8221;#ff5a00&#8243; text_in_circle=&#8221;1&#8243; font_size=&#8221;58&#8243; text_in_circle_color=&#8221;#0268b3&#8243; title=&#8221;<b> Zaposleni smo prvi glasniki znamk, ki jih zastopamo. <\/b>&#8221; title_color=&#8221;#0268b3&#8243;][qode_circle type=&#8221;text_type&#8221; text_in_circle_tag=&#8221;h4&#8243; text_in_circle_font_weight=&#8221;100&#8243; title_tag=&#8221;h4&#8243; border_color=&#8221;#ff5a00&#8243; text_in_circle=&#8221;2&#8243; font_size=&#8221;58&#8243; text_in_circle_color=&#8221;#0268b3&#8243; title=&#8221;<b>Profesionalizem do vseh partnerjev, kupcev in zaposlenih.<\/b>&#8221; title_color=&#8221;#0268b3&#8243;][qode_circle type=&#8221;text_type&#8221; text_in_circle_tag=&#8221;h4&#8243; text_in_circle_font_weight=&#8221;100&#8243; title_tag=&#8221;h4&#8243; border_color=&#8221;#ff5a00&#8243; text_in_circle=&#8221;3&#8243; font_size=&#8221;58&#8243; text_in_circle_color=&#8221;#0268b3&#8243; title=&#8221;<b>Brez bli\u017enjic v poslovanju. <\/b>&#8221; title_color=&#8221;#0268b3&#8243;][qode_circle type=&#8221;text_type&#8221; text_in_circle_tag=&#8221;h4&#8243; text_in_circle_font_weight=&#8221;100&#8243; title_tag=&#8221;h4&#8243; border_color=&#8221;#ff5a00&#8243; text_in_circle=&#8221;4&#8243; font_size=&#8221;58&#8243; text_in_circle_color=&#8221;#0268b3&#8243; title=&#8221;<b> Izobra\u017eevanje in u\u010denje sta del na\u0161e DNK. <\/b>&#8221; title_color=&#8221;#0268b3&#8243;][\/qode_circles][vc_empty_space height=&#8221;64px&#8221;][vc_column_text]<\/p>\n<div id=\"staff\"><\/div>\n<p>[\/vc_column_text][vc_column_text]<\/p>\n<div id=\"ljudjeslo\"><\/div>\n<p>[\/vc_column_text][\/vc_column_inner][\/vc_row_inner][\/vc_column][\/vc_row][vc_row row_type=&#8221;row&#8221; use_row_as_full_screen_section=&#8221;no&#8221; type=&#8221;grid&#8221; anchor=&#8221;ljudjeslo&#8221; angled_section=&#8221;no&#8221; text_align=&#8221;left&#8221; background_image_as_pattern=&#8221;without_pattern&#8221; background_color=&#8221;#ffffff&#8221; border_color=&#8221;#efefef&#8221; padding_top=&#8221;91&#8243; padding_bottom=&#8221;0&#8243; css_animation=&#8221;&#8221;][vc_column][vc_row_inner row_type=&#8221;row&#8221; type=&#8221;full_width&#8221; text_align=&#8221;left&#8221; css_animation=&#8221;&#8221;][vc_column_inner width=&#8221;1\/2&#8243;][vc_gallery type=&#8221;flexslider_slide&#8221; interval=&#8221;3&#8243; images=&#8221;19515,19346,19559&#8243; img_size=&#8221;large&#8221; pause_on_hover=&#8221;yes&#8221;][\/vc_column_inner][vc_column_inner width=&#8221;1\/2&#8243;][vc_column_text]<\/p>\n<h3 style=\"text-align: center;\"><strong><span class=\"tx\">LJUDJE<br \/>\n<\/span><\/strong><\/h3>\n<p>[\/vc_column_text][vc_separator type=&#8221;transparent&#8221; up=&#8221;3&#8243; down=&#8221;10&#8243;][vc_column_text]<span class=\"tx\">Sabex tvorijo zaposleni, ki so klju\u010dni za uspeh. S svojim proaktivnim delovanjem, energijo in <\/span><span class=\"tx\">prevzemanjem odgovornosti prispevajo k razvoju podjetja in doseganju ciljev. Profesionalni, korektni <\/span><span class=\"tx\">in po\u0161teni odnosi med ljudmi so odgovornost vsakega zaposlenega. Podjetje in vodilni kadri morajo s <\/span><span class=\"tx\">svojim zgledom vsakodnevno spodbujati vse zaposlene. Cenimo druga\u010dnost, osebno integriteto in <\/span><span class=\"tx\">po\u0161tenje.<\/span><\/p>\n<p>&nbsp;<\/p>\n<p><span class=\"tx\">Odprta in direktna komunikacija je v na\u0161em podjetju vrednota. S tem poznamo jasno in nedvoumno <\/span><span class=\"tx\">sliko vseh procesov v podjetju. Dobri med\u010dlove\u0161ki odnosi in timsko delo so mogo\u010di le v odprtem in <\/span><span class=\"tx\">iskrenem okolju. <\/span><span class=\"tx\">Pomembno je, da zaposleni pri delu u\u017eivajo, v njem vidijo smisel in so za svoje delo in dose\u017eke tudi <\/span><span class=\"tx\">primerno nagrajeni. <\/span><\/p>\n<div id=\"zgodovina\"><\/div>\n<p>[\/vc_column_text][\/vc_column_inner][\/vc_row_inner][\/vc_column][\/vc_row][vc_row row_type=&#8221;row&#8221; use_row_as_full_screen_section=&#8221;no&#8221; type=&#8221;full_width&#8221; anchor=&#8221;zgodovina&#8221; angled_section=&#8221;no&#8221; text_align=&#8221;left&#8221; background_image_as_pattern=&#8221;without_pattern&#8221; css_animation=&#8221;&#8221;][vc_column offset=&#8221;vc_hidden-sm vc_hidden-xs&#8221;][vc_empty_space height=&#8221;30px&#8221;][vc_empty_space height=&#8221;75px&#8221;][vc_column_text el_class=&#8221;naslovabout3&#8243;]<\/p>\n<h2 style=\"text-align: center; color: #0268b3;\"><span class=\"tx\">ZGODOVINA<br \/>\n<\/span><\/h2>\n<div id=\"staff\"><\/div>\n<p>[\/vc_column_text][vc_empty_space height=&#8221;35px&#8221;][vc_single_image image=&#8221;26787&#8243; img_size=&#8221;full&#8221; alignment=&#8221;center&#8221; qode_css_animation=&#8221;&#8221;][\/vc_column][\/vc_row][vc_row row_type=&#8221;row&#8221; use_row_as_full_screen_section=&#8221;no&#8221; type=&#8221;full_width&#8221; anchor=&#8221;zgodovina&#8221; angled_section=&#8221;no&#8221; text_align=&#8221;left&#8221; background_image_as_pattern=&#8221;without_pattern&#8221; css_animation=&#8221;&#8221;][vc_column offset=&#8221;vc_hidden-lg vc_hidden-md&#8221;][vc_empty_space height=&#8221;30px&#8221;][vc_empty_space height=&#8221;75px&#8221;][vc_column_text el_class=&#8221;naslovabout3&#8243;]<\/p>\n<h2 style=\"text-align: center; color: #0268b3;\"><span class=\"tx\">ZGODOVINA<br \/>\n<\/span><\/h2>\n<div id=\"staff\"><\/div>\n<p>[\/vc_column_text][vc_empty_space height=&#8221;35px&#8221;][vc_single_image image=&#8221;26790&#8243; img_size=&#8221;full&#8221; alignment=&#8221;center&#8221; qode_css_animation=&#8221;&#8221;][\/vc_column][\/vc_row]<\/p>\n","protected":false},"excerpt":{"rendered":"<p>[vc_row row_type=&#8221;row&#8221; use_row_as_full_screen_section=&#8221;no&#8221; type=&#8221;full_width&#8221; angled_section=&#8221;no&#8221; text_align=&#8221;left&#8221; background_image_as_pattern=&#8221;without_pattern&#8221; css_animation=&#8221;&#8221;][vc_column][vc_empty_space][vc_column_text el_class=&#8221;aboutnaslov&#8221;] ENERGIJA, VZTRAJNOST IN STRAST [\/vc_column_text][\/vc_column][\/vc_row][vc_row row_type=&#8221;row&#8221; use_row_as_full_screen_section=&#8221;no&#8221; type=&#8221;grid&#8221; anchor=&#8221;portfolio&#8221; angled_section=&#8221;no&#8221; text_align=&#8221;left&#8221; background_image_as_pattern=&#8221;without_pattern&#8221; background_color=&#8221;#ffffff&#8221; border_color=&#8221;#efefef&#8221; padding_top=&#8221;91&#8243; padding_bottom=&#8221;0&#8243; css_animation=&#8221;&#8221;][vc_column][vc_row_inner row_type=&#8221;row&#8221; type=&#8221;full_width&#8221; text_align=&#8221;left&#8221; css_animation=&#8221;&#8221;][vc_column_inner width=&#8221;1\/2&#8243;][vc_single_image image=&#8221;26853&#8243; img_size=&#8221;large&#8221; alignment=&#8221;center&#8221; qode_css_animation=&#8221;element_from_left&#8221; transition_delay=&#8221;0.3&#8243;][vc_separator type=&#8221;transparent&#8221; up=&#8221;65&#8243; down=&#8221;0&#8243;][\/vc_column_inner][vc_column_inner width=&#8221;1\/2&#8243;][vc_separator type=&#8221;transparent&#8221; up=&#8221;3&#8243; down=&#8221;10&#8243;][vc_column_text] Sabex je&#8230;<\/p>\n","protected":false},"author":1,"featured_media":0,"parent":0,"menu_order":0,"comment_status":"open","ping_status":"closed","template":"full_width.php","meta":{"footnotes":""},"class_list":["post-18874","page","type-page","status-publish","hentry"],"_links":{"self":[{"href":"https:\/\/www.sabex.si\/sl\/wp-json\/wp\/v2\/pages\/18874","targetHints":{"allow":["GET"]}}],"collection":[{"href":"https:\/\/www.sabex.si\/sl\/wp-json\/wp\/v2\/pages"}],"about":[{"href":"https:\/\/www.sabex.si\/sl\/wp-json\/wp\/v2\/types\/page"}],"author":[{"embeddable":true,"href":"https:\/\/www.sabex.si\/sl\/wp-json\/wp\/v2\/users\/1"}],"replies":[{"embeddable":true,"href":"https:\/\/www.sabex.si\/sl\/wp-json\/wp\/v2\/comments?post=18874"}],"version-history":[{"count":31,"href":"https:\/\/www.sabex.si\/sl\/wp-json\/wp\/v2\/pages\/18874\/revisions"}],"predecessor-version":[{"id":26856,"href":"https:\/\/www.sabex.si\/sl\/wp-json\/wp\/v2\/pages\/18874\/revisions\/26856"}],"wp:attachment":[{"href":"https:\/\/www.sabex.si\/sl\/wp-json\/wp\/v2\/media?parent=18874"}],"curies":[{"name":"wp","href":"https:\/\/api.w.org\/{rel}","templated":true}]}}