{"id":18871,"date":"2016-10-24T11:15:13","date_gmt":"2016-10-24T09:15:13","guid":{"rendered":"https:\/\/sabex-international.com\/test\/?page_id=18871&#038;lang=sl"},"modified":"2026-01-30T10:38:20","modified_gmt":"2026-01-30T09:38:20","slug":"domov","status":"publish","type":"page","link":"https:\/\/www.sabex.si\/sl\/","title":{"rendered":"Domov"},"content":{"rendered":"<p>[vc_row row_type=&#8221;row&#8221; use_row_as_full_screen_section=&#8221;no&#8221; type=&#8221;grid&#8221; anchor=&#8221;portfolio&#8221; angled_section=&#8221;no&#8221; text_align=&#8221;left&#8221; background_image_as_pattern=&#8221;without_pattern&#8221; background_color=&#8221;#ffffff&#8221; border_color=&#8221;#efefef&#8221; padding_top=&#8221;57&#8243; padding_bottom=&#8221;0&#8243; css_animation=&#8221;&#8221; el_class=&#8221;classForFixChrome&#8221;][vc_column][vc_row_inner row_type=&#8221;row&#8221; type=&#8221;full_width&#8221; text_align=&#8221;left&#8221; css_animation=&#8221;&#8221;][vc_column_inner width=&#8221;1\/3&#8243;][vc_single_image image=&#8221;19316&#8243; img_size=&#8221;full&#8221; qode_css_animation=&#8221;element_from_fade&#8221; transition_delay=&#8221;0.3&#8243;][vc_separator type=&#8221;transparent&#8221; up=&#8221;25&#8243; down=&#8221;8&#8243;][vc_column_text]<\/p>\n<h3 style=\"text-align: center;\"><a href=\"https:\/\/sabex-international.com\/services\/?lang=sl\"><span class=\"tx\">DISTRIBUCIJA &amp; MARKETING<\/span><\/a><\/h3>\n<p>[\/vc_column_text][vc_separator type=&#8221;transparent&#8221; up=&#8221;11&#8243; down=&#8221;0&#8243;][vc_column_text]<\/p>\n<p style=\"text-align: center;\"><span class=\"tx\">Lepota in zdravje sta na\u0161 osnovni posel. Obvladujemo vse procese marketinga in distribucije. <\/span><\/p>\n<p>[\/vc_column_text][vc_separator type=&#8221;transparent&#8221; up=&#8221;63&#8243; down=&#8221;0&#8243;][\/vc_column_inner][vc_column_inner width=&#8221;1\/3&#8243;][vc_single_image image=&#8221;26838&#8243; img_size=&#8221;full&#8221; qode_css_animation=&#8221;element_from_fade&#8221; transition_delay=&#8221;0.6&#8243;][vc_separator type=&#8221;transparent&#8221; up=&#8221;25&#8243; down=&#8221;8&#8243;][vc_column_text]<\/p>\n<h3 style=\"text-align: center;\"><a href=\"https:\/\/sabex-international.com\/services\/?lang=sl\"><span class=\"tx\">IMPLEMENTACIJA ZNAMK<\/span><\/a><\/h3>\n<p>[\/vc_column_text][vc_separator type=&#8221;transparent&#8221; up=&#8221;11&#8243; down=&#8221;0&#8243;][vc_column_text]<\/p>\n<p style=\"text-align: center;\"><span class=\"tx\">Znanje s podro\u010dja <\/span><span class=\"tx\">blagovnih znamk v <\/span><span class=\"tx\">funkciji pozicioniranja <\/span><span class=\"tx\">na lokalna tr\u017ei\u0161\u010da.<\/span><\/p>\n<p>[\/vc_column_text][vc_separator type=&#8221;transparent&#8221; up=&#8221;63&#8243; down=&#8221;0&#8243;][\/vc_column_inner][vc_column_inner width=&#8221;1\/3&#8243;][vc_single_image image=&#8221;26847&#8243; img_size=&#8221;full&#8221; qode_css_animation=&#8221;element_from_fade&#8221; transition_delay=&#8221;0.9&#8243;][vc_separator type=&#8221;transparent&#8221; up=&#8221;25&#8243; down=&#8221;8&#8243;][vc_column_text]<\/p>\n<h3 style=\"text-align: center;\"><a href=\"https:\/\/sabex-international.com\/trzisca\/?lang=sl\"><span class=\"tx\">TR\u017dI\u0160\u010cA ADRIATIC REGIJE <\/span><\/a><\/h3>\n<p>[\/vc_column_text][vc_separator type=&#8221;transparent&#8221; up=&#8221;11&#8243; down=&#8221;0&#8243;][vc_column_text]<\/p>\n<p style=\"text-align: center; color: black;\">Sabex ima podjetja v Sloveniji, Hrva\u0161ki in Srbiji.<\/p>\n<p>[\/vc_column_text][vc_separator type=&#8221;transparent&#8221; up=&#8221;63&#8243; down=&#8221;0&#8243;][\/vc_column_inner][\/vc_row_inner][\/vc_column][\/vc_row][vc_row row_type=&#8221;row&#8221; use_row_as_full_screen_section=&#8221;no&#8221; type=&#8221;grid&#8221; anchor=&#8221;portfolio&#8221; angled_section=&#8221;no&#8221; text_align=&#8221;left&#8221; background_image_as_pattern=&#8221;without_pattern&#8221; background_color=&#8221;#f9f9f9&#8243; border_color=&#8221;#efefef&#8221; padding_top=&#8221;60&#8243; padding_bottom=&#8221;0&#8243; css_animation=&#8221;&#8221;][vc_column][vc_column_text]<\/p>\n<h2 style=\"text-align: center; color: #0268b3; text-transform: none;\">Smo ve\u010d kot le posrednik.<\/h2>\n<h2 style=\"text-align: center; color: #0268b3; text-transform: none;\">Na\u0161a mo\u010d je v pozicioniranju, gradnji<\/h2>\n<h2 style=\"text-align: center; color: #0268b3; text-transform: none;\"><span class=\"tx\">in vzdr\u017eevanju znamk na lokalnih tr\u017ei\u0161\u010dih.<\/span><\/h2>\n<p>[\/vc_column_text][vc_separator type=&#8221;transparent&#8221; up=&#8221;0&#8243; down=&#8221;10&#8243;][vc_single_image image=&#8221;27140&#8243; img_size=&#8221;full&#8221; alignment=&#8221;center&#8221; qode_css_animation=&#8221;element_from_bottom&#8221; transition_delay=&#8221;0.3&#8243;][\/vc_column][\/vc_row]<\/p>\n","protected":false},"excerpt":{"rendered":"<p>[vc_row row_type=&#8221;row&#8221; use_row_as_full_screen_section=&#8221;no&#8221; type=&#8221;grid&#8221; anchor=&#8221;portfolio&#8221; angled_section=&#8221;no&#8221; text_align=&#8221;left&#8221; background_image_as_pattern=&#8221;without_pattern&#8221; background_color=&#8221;#ffffff&#8221; border_color=&#8221;#efefef&#8221; padding_top=&#8221;57&#8243; padding_bottom=&#8221;0&#8243; css_animation=&#8221;&#8221; el_class=&#8221;classForFixChrome&#8221;][vc_column][vc_row_inner row_type=&#8221;row&#8221; type=&#8221;full_width&#8221; text_align=&#8221;left&#8221; css_animation=&#8221;&#8221;][vc_column_inner width=&#8221;1\/3&#8243;][vc_single_image image=&#8221;19316&#8243; img_size=&#8221;full&#8221; qode_css_animation=&#8221;element_from_fade&#8221; transition_delay=&#8221;0.3&#8243;][vc_separator type=&#8221;transparent&#8221; up=&#8221;25&#8243; down=&#8221;8&#8243;][vc_column_text] DISTRIBUCIJA &amp; MARKETING [\/vc_column_text][vc_separator type=&#8221;transparent&#8221; up=&#8221;11&#8243; down=&#8221;0&#8243;][vc_column_text] Lepota in zdravje sta na\u0161 osnovni posel. Obvladujemo vse procese marketinga in&#8230;<\/p>\n","protected":false},"author":1,"featured_media":0,"parent":0,"menu_order":0,"comment_status":"open","ping_status":"open","template":"full_width.php","meta":{"footnotes":""},"class_list":["post-18871","page","type-page","status-publish","hentry"],"_links":{"self":[{"href":"https:\/\/www.sabex.si\/sl\/wp-json\/wp\/v2\/pages\/18871","targetHints":{"allow":["GET"]}}],"collection":[{"href":"https:\/\/www.sabex.si\/sl\/wp-json\/wp\/v2\/pages"}],"about":[{"href":"https:\/\/www.sabex.si\/sl\/wp-json\/wp\/v2\/types\/page"}],"author":[{"embeddable":true,"href":"https:\/\/www.sabex.si\/sl\/wp-json\/wp\/v2\/users\/1"}],"replies":[{"embeddable":true,"href":"https:\/\/www.sabex.si\/sl\/wp-json\/wp\/v2\/comments?post=18871"}],"version-history":[{"count":19,"href":"https:\/\/www.sabex.si\/sl\/wp-json\/wp\/v2\/pages\/18871\/revisions"}],"predecessor-version":[{"id":27143,"href":"https:\/\/www.sabex.si\/sl\/wp-json\/wp\/v2\/pages\/18871\/revisions\/27143"}],"wp:attachment":[{"href":"https:\/\/www.sabex.si\/sl\/wp-json\/wp\/v2\/media?parent=18871"}],"curies":[{"name":"wp","href":"https:\/\/api.w.org\/{rel}","templated":true}]}}