{"id":21711,"date":"2018-10-11T10:37:23","date_gmt":"2018-10-11T08:37:23","guid":{"rendered":"https:\/\/www.sabex-international.com\/hr\/?page_id=21711"},"modified":"2022-03-30T15:28:35","modified_gmt":"2022-03-30T13:28:35","slug":"talent","status":"publish","type":"page","link":"https:\/\/www.sabex.si\/hr\/talent\/","title":{"rendered":"Talent"},"content":{"rendered":"<p>[vc_row row_type=&#8221;row&#8221; use_row_as_full_screen_section=&#8221;yes&#8221; type=&#8221;grid&#8221; angled_section=&#8221;no&#8221; text_align=&#8221;center&#8221; background_image=&#8221;21738&#8243; background_image_as_pattern=&#8221;without_pattern&#8221; css_animation=&#8221;&#8221; el_class=&#8221;classForFixChrome&#8221;][vc_column][vc_empty_space height=&#8221;300px&#8221; el_class=&#8221;mobile-hide&#8221;][vc_column_text]<\/p>\n<h2 style=\"text-align: center; color: #ffffff;\">TALENT JE ZA NAS ODLI\u010cAN<br \/>\nPO\u010cETAK, A SVAKOM DIJAMANTU<br \/>\nJE NEOPHODNO BRU\u0160ENJE<\/h2>\n<p>[\/vc_column_text][vc_empty_space height=&#8221;30px&#8221;][vc_single_image image=&#8221;21732&#8243; img_size=&#8221;full&#8221; alignment=&#8221;center&#8221; qode_css_animation=&#8221;&#8221; el_class=&#8221;mobile-hide&#8221;][vc_empty_space height=&#8221;120px&#8221; el_class=&#8221;mobile-hide&#8221;][vc_single_image image=&#8221;21527&#8243; img_size=&#8221;full&#8221; alignment=&#8221;center&#8221; qode_css_animation=&#8221;&#8221; el_class=&#8221;mobile-hide&#8221;][vc_empty_space height=&#8221;70px&#8221;][\/vc_column][\/vc_row][vc_row row_type=&#8221;row&#8221; use_row_as_full_screen_section=&#8221;no&#8221; type=&#8221;grid&#8221; angled_section=&#8221;no&#8221; text_align=&#8221;left&#8221; background_image_as_pattern=&#8221;without_pattern&#8221; css_animation=&#8221;&#8221;][vc_column width=&#8221;1\/2&#8243;][vc_empty_space height=&#8221;50px&#8221;][vc_column_text]<\/p>\n<h2 style=\"color: #0268b3;\">Oduvijek tragamo za talentima na podru\u010djima koji su dio na\u0161eg poslovanja.<\/h2>\n<p style=\"font-size: 16px; line-height: 22px; margin-bottom: 10px;\"><span style=\"color: #000000;\">Kao marketin\u0161ka tvrtka na podru\u010dju Adriatic regije, odgovorno za distribuciju razli\u010ditih brandova za zdravlje i ljepotu, potrebni su nam ljudi sa znanjima iz sljede\u0107ih podru\u010dja: <\/span><\/p>\n<p>[\/vc_column_text][vc_empty_space height=&#8221;20px&#8221;][\/vc_column][vc_column width=&#8221;1\/2&#8243;][\/vc_column][\/vc_row][vc_row row_type=&#8221;row&#8221; use_row_as_full_screen_section=&#8221;no&#8221; type=&#8221;grid&#8221; angled_section=&#8221;no&#8221; text_align=&#8221;left&#8221; background_image_as_pattern=&#8221;without_pattern&#8221; css_animation=&#8221;&#8221; css=&#8221;.vc_custom_1537965550199{margin-top: 0px !important;margin-right: 0px !important;margin-bottom: 0px !important;margin-left: 0px !important;border-top-width: 0px !important;border-right-width: 0px !important;border-bottom-width: 0px !important;border-left-width: 0px !important;padding-top: 0px !important;padding-right: 0px !important;padding-bottom: 0px !important;padding-left: 0px !important;}&#8221;][vc_column offset=&#8221;vc_hidden-sm vc_hidden-xs&#8221;][vc_single_image image=&#8221;21712&#8243; img_size=&#8221;full&#8221; alignment=&#8221;center&#8221; qode_css_animation=&#8221;&#8221;][\/vc_column][vc_column offset=&#8221;vc_hidden-lg vc_hidden-md&#8221;][vc_single_image image=&#8221;21716&#8243; img_size=&#8221;full&#8221; alignment=&#8221;center&#8221; qode_css_animation=&#8221;&#8221;][\/vc_column][\/vc_row][vc_row row_type=&#8221;row&#8221; use_row_as_full_screen_section=&#8221;yes&#8221; type=&#8221;grid&#8221; angled_section=&#8221;no&#8221; text_align=&#8221;center&#8221; background_image=&#8221;21573&#8243; background_image_as_pattern=&#8221;without_pattern&#8221; css_animation=&#8221;&#8221; css=&#8221;.vc_custom_1537965815704{padding-top: 20px !important;padding-right: 20px !important;padding-bottom: 20px !important;padding-left: 20px !important;}&#8221;][vc_column][vc_row_inner row_type=&#8221;row&#8221; type=&#8221;full_width&#8221; text_align=&#8221;left&#8221; css_animation=&#8221;&#8221;][vc_column_inner width=&#8221;1\/2&#8243;][\/vc_column_inner][vc_column_inner width=&#8221;1\/2&#8243;][vc_empty_space height=&#8221;400px&#8221;][vc_column_text]<\/p>\n<h2 style=\"color: #ffffff; text-align: left;\">SVE SE MO\u017dE AKO \u017dELI\u0160!<\/h2>\n<p style=\"font-size: 16px; line-height: 24px; color: #ffffff; text-align: left; margin-bottom: 10px;\">Iako nam iskustvo puno zna\u010di, jo\u0161 vi\u0161e cijenimo iskrenost i, s energijom pro\u017eet, interes pojedinca. Tra\u017eimo nezavisne, srda\u010dne, proaktivne ljude koji imaju ambicije uspostaviti uspje\u0161nu karijeru u \u017eivotu i povezati je sa svojim privatnim \u017eivotom.<\/p>\n<p>[\/vc_column_text][vc_empty_space height=&#8221;20px&#8221;][\/vc_column_inner][\/vc_row_inner][\/vc_column][\/vc_row][vc_row row_type=&#8221;row&#8221; use_row_as_full_screen_section=&#8221;yes&#8221; type=&#8221;grid&#8221; angled_section=&#8221;no&#8221; text_align=&#8221;center&#8221; background_image_as_pattern=&#8221;without_pattern&#8221; css_animation=&#8221;&#8221;][vc_column][vc_empty_space height=&#8221;50px&#8221;][vc_row_inner row_type=&#8221;row&#8221; type=&#8221;full_width&#8221; text_align=&#8221;left&#8221; css_animation=&#8221;&#8221; css=&#8221;.vc_custom_1537966605937{padding: 20px !important;}&#8221;][vc_column_inner width=&#8221;1\/2&#8243;][vc_single_image image=&#8221;21577&#8243; img_size=&#8221;full&#8221; qode_css_animation=&#8221;&#8221;][\/vc_column_inner][vc_column_inner width=&#8221;1\/2&#8243; css=&#8221;.vc_custom_1537967759714{padding-left: 20px !important;}&#8221;][vc_empty_space height=&#8221;20px&#8221;][vc_column_text]<\/p>\n<h2 style=\"color: #0268b3; text-align: left;\">OSOBNE VRIJEDNOSTI TAKO\u0110ER SU VA\u017dNE U KOMPANIJI<\/h2>\n<p style=\"font-size: 16px; line-height: 24px; margin-bottom: 10px;\"><span style=\"color: #000000;\">Otvorenost za komunikaciju te komunikacija bez filtriranja va\u017ene su vrijednosti u Sabex-u. Stoga tra\u017eimo ljude koji su neposredni, ne ustru\u010davaju se re\u0107i ono \u0161to misle, iskreni su i po\u0161teni te iza izre\u010denih rije\u010di nemaju skrivena mi\u0161ljenja, namjere i poglede. Neposrednost i spremnost za izazove preduvjet su za stjecanje novih znanja, rje\u0161avanje problema te svakodnevnih izazova i situacija.<\/span><\/p>\n<p>[\/vc_column_text][vc_empty_space height=&#8221;50px&#8221;][\/vc_column_inner][\/vc_row_inner][vc_empty_space height=&#8221;50px&#8221;][\/vc_column][\/vc_row][vc_row row_type=&#8221;row&#8221; use_row_as_full_screen_section=&#8221;yes&#8221; type=&#8221;grid&#8221; angled_section=&#8221;no&#8221; text_align=&#8221;center&#8221; background_image=&#8221;21628&#8243; background_image_as_pattern=&#8221;without_pattern&#8221; css_animation=&#8221;&#8221; css=&#8221;.vc_custom_1537967911621{padding-top: 20px !important;padding-right: 20px !important;padding-bottom: 20px !important;padding-left: 20px !important;}&#8221;][vc_column][vc_row_inner row_type=&#8221;row&#8221; type=&#8221;full_width&#8221; text_align=&#8221;left&#8221; css_animation=&#8221;&#8221;][vc_column_inner width=&#8221;1\/3&#8243;][vc_empty_space height=&#8221;400px&#8221;][vc_column_text]<\/p>\n<h2 style=\"color: #ffffff; text-align: left;\">JESI SPREMAN\/NA NA IZAZOV?<\/h2>\n<p style=\"font-size: 16px; line-height: 24px; color: #ffffff; text-align: left; margin-bottom: 10px;\">Ako si talentiran i \u017eeli\u0161 i daje razvijati svoje talente i ostvariti svoje snove, ve\u0107 si ispunio prvi korak. Ukoliko se prepoznaje\u0161 u na\u0161im opisima, imamo velike \u0161anse da zajedno postignemo mnogo.<\/p>\n<p style=\"font-size: 16px; line-height: 24px; color: #ffffff; text-align: left; margin-bottom: 10px;\">Prijavi se , napi\u0161i \u0161to vi\u0161e o sebi jer, zapravo, najvi\u0161e nas zanima\u0161 ti \u2013 kao osoba, sanjar, vizionar, sporta\u0161, istra\u017eiva\u010d\u2026 kao talentirana osoba koja \u017eeli ostvariti svoje snove i ciljeve.<\/p>\n<p>[\/vc_column_text][vc_empty_space height=&#8221;20px&#8221;][vc_empty_space height=&#8221;20px&#8221;][\/vc_column_inner][vc_column_inner width=&#8221;2\/3&#8243;][\/vc_column_inner][\/vc_row_inner][\/vc_column][\/vc_row][vc_row row_type=&#8221;row&#8221; use_row_as_full_screen_section=&#8221;no&#8221; type=&#8221;grid&#8221; angled_section=&#8221;no&#8221; text_align=&#8221;left&#8221; background_image_as_pattern=&#8221;without_pattern&#8221; css_animation=&#8221;&#8221;][vc_column][vc_empty_space height=&#8221;50px&#8221;][vc_row_inner row_type=&#8221;row&#8221; type=&#8221;full_width&#8221; text_align=&#8221;left&#8221; css_animation=&#8221;&#8221;][vc_column_inner width=&#8221;1\/2&#8243;][vc_single_image image=&#8221;21671&#8243; img_size=&#8221;full&#8221; qode_css_animation=&#8221;&#8221;][\/vc_column_inner][vc_column_inner width=&#8221;1\/2&#8243;][vc_empty_space height=&#8221;50px&#8221;][vc_column_text]<\/p>\n<p style=\"font-size: 16px; line-height: 24px; margin-bottom: 10px;\"><span style=\"color: #000000;\">Unato\u010d mojoj mladosti i neiskustvu, u Sabex-u su mi povjereni ozbiljni i zahtjevni zadaci na poziciji PR &amp; Marketing menad\u017eera. <\/span><\/p>\n<p style=\"color: #333333; font-size: 24px; line-height: 30px; margin-bottom: 10px;\"><em>Mi vjerujemo da je spremnost za stjecanje novih znanja i iskustva va\u017eno isto koliko i godine radnog iskustva, a mo\u017eda \u010dak i vi\u0161e. Ako dodamo \u017eelju za obrazovanjem, po\u0161tovanjem, iskreno\u0161\u0107u i povjerenjem, koji predstavljaju moju glavnu motivaciju za posao, onda je zaista divno biti dio Sabex tima.<\/em><\/p>\n<p style=\"font-size: 16px; line-height: 24px; margin-bottom: 10px;\"><span style=\"color: #000000;\">Uvjerena sam da su dobri odnosi me\u0111u kolegama, kao i dovoljno prije\u0111enih kilometara i popijenih kava, preduvjet za uspje\u0161no obavljanje radnih zadataka i za postizanje postavljenih ciljeva. I to se svakodnevno dokazuje u Sabexu.<\/span><\/p>\n<p>[\/vc_column_text][vc_empty_space height=&#8221;50px&#8221;][vc_single_image image=&#8221;21768&#8243; img_size=&#8221;full&#8221; qode_css_animation=&#8221;&#8221;][\/vc_column_inner][\/vc_row_inner][vc_empty_space height=&#8221;30px&#8221;][vc_row_inner row_type=&#8221;row&#8221; type=&#8221;full_width&#8221; text_align=&#8221;left&#8221; css_animation=&#8221;&#8221;][vc_column_inner width=&#8221;1\/2&#8243;][vc_empty_space height=&#8221;50px&#8221;][vc_column_text]<\/p>\n<p style=\"font-size: 16px; line-height: 24px; margin-bottom: 10px;\"><span style=\"color: #000000;\">\u010cast mi je \u0161to sam u Sabex-u, me\u0111u velikim brojem prijavljenih osoba, prepoznata za osobu koja mo\u017ee biti dio mozaika koji \u010dini cjelinu i doprinosi samom uspjehu i prepoznavanju same kompanije.<\/span><\/p>\n<p style=\"color: #333333; font-size: 24px; line-height: 30px; margin-bottom: 10px;\"><em>Unato\u010d svojoj mladosti, uspjela sam unaprijediti svoje vec\u0301 ste\u010deno znanje sa svojim nadle\u017enostima, iskreno\u0161c\u0301u i po\u0161tenjem, i na taj na\u010din postati bolja, kako na poslu, tako i u privatnom \u017eivotu.<\/em><\/p>\n<p style=\"font-size: 16px; line-height: 24px; margin-bottom: 10px;\"><span style=\"color: #000000;\">Sam Sabex tim je bezuvjetno prihvatio mene, a svaki dan iznova i iznova rje\u0161avamo zajedno nove izazove, a sa proaktivno\u0161c\u0301u i otvorenom komunikacijom postajemo bolji. Mislim da su dobra volja i kohezija glavni klju\u010d da se dobro osjec\u0301ate u timu, kao i da se osjec\u0301ate povezano sa samom kompanijom.<\/span><\/p>\n<p>[\/vc_column_text][vc_empty_space height=&#8221;50px&#8221;][vc_single_image image=&#8221;21772&#8243; img_size=&#8221;full&#8221; qode_css_animation=&#8221;&#8221;][\/vc_column_inner][vc_column_inner width=&#8221;1\/2&#8243;][vc_single_image image=&#8221;21600&#8243; img_size=&#8221;full&#8221; qode_css_animation=&#8221;&#8221;][\/vc_column_inner][\/vc_row_inner][vc_empty_space height=&#8221;30px&#8221;][vc_row_inner row_type=&#8221;row&#8221; type=&#8221;full_width&#8221; text_align=&#8221;left&#8221; css_animation=&#8221;&#8221;][vc_column_inner width=&#8221;1\/2&#8243;][vc_single_image image=&#8221;21611&#8243; img_size=&#8221;full&#8221; qode_css_animation=&#8221;&#8221;][\/vc_column_inner][vc_column_inner width=&#8221;1\/2&#8243;][vc_empty_space height=&#8221;50px&#8221;][vc_column_text]<\/p>\n<p style=\"font-size: 16px; line-height: 24px; margin-bottom: 10px;\"><span style=\"color: #000000;\">S obzirom da od malih nogu u\u017eivam u radu s ljudima i kozmetikom, odmah sam se odazvala na poziv za posao Savjetnika ljepote u Sabex-u. Iako nisam imala radno iskustvo na sli\u010dnim pozicijama, kompanija je prepoznala moju ambiciju i iskrenu \u017eelju za novim vje\u0161tinama. Pored po\u010detnog obrazovanja, pru\u017eili su mi neprekidna stru\u010dna uputstva i pomoc\u0301, \u0161to se vrlo brzo po\u010delo odra\u017eavati na prodajnim rezultatima.<\/span><\/p>\n<p style=\"color: #333333; font-size: 24px; line-height: 30px; margin-bottom: 10px;\"><em>Tako sam vrlo brzo napredovala na radno mjesto prodajnog predstavnika za NUXE kozmetiku za Isto\u010dni dio Slovenije. Rado pru\u017eam pomoc\u0301 svim na\u0161im beauty savjetnicama i prenosim svoje znanje iz podru\u010dja rada u ljekarnama, komunikacijama s kupcima, a u cilju uspje\u0161ne prodaje.<\/em><\/p>\n<p style=\"font-size: 16px; line-height: 24px; margin-bottom: 10px;\"><span style=\"color: #000000;\">S velikom rado\u0161c\u0301u i dalje radim savjetovanja i u\u017eivam u povezivanju istinskih kontakata na prodajnim mjestima..<\/span><\/p>\n<p style=\"font-size: 16px; line-height: 24px; margin-bottom: 10px;\"><span style=\"color: #000000;\">To \u0161to sam toliko uspje\u0161na i zadovoljna, u velikoj su mjeri zaslu\u017eni ljudi u Sabex-u. Svi smo zajedno kao jedna velika obitelj, koja izuzetno cijeni otvorenu komunikaciju, po\u0161tovanje i nesebi\u010dnu pomoc\u0301, \u0161to nam poma\u017ee u ostvarivanju postavljenih ciljeva..<\/span><\/p>\n<p>[\/vc_column_text][vc_empty_space height=&#8221;50px&#8221;][vc_single_image image=&#8221;21776&#8243; img_size=&#8221;full&#8221; qode_css_animation=&#8221;&#8221;][\/vc_column_inner][\/vc_row_inner][vc_empty_space height=&#8221;30px&#8221;][vc_row_inner row_type=&#8221;row&#8221; type=&#8221;full_width&#8221; text_align=&#8221;left&#8221; css_animation=&#8221;&#8221;][vc_column_inner width=&#8221;1\/2&#8243;][vc_empty_space height=&#8221;50px&#8221;][vc_column_text]<\/p>\n<p style=\"font-size: 16px; line-height: 24px; margin-bottom: 10px;\"><span style=\"color: #000000;\">U Sabex-u radim kao zastupnik prodaje i savjetnica za ljepotu za NUXE brand i Bio Beaut\u00e9 by NUXE, \u0161to me posebno veseli jer jako vjerujem u efikasnost prirode.<\/span><\/p>\n<p style=\"font-size: 16px; line-height: 24px; margin-bottom: 10px;\"><span style=\"color: #000000;\">U prvom razgovoru, unato\u010d mom neiskustvu, prepoznali su potencijal u meni, a danas, s dinami\u010dnom komunikacijom i kontinuiranim obrazovanjem, razvijamo se zajedno. Empatija, koju sam stekla uz edukaciju medicinske sestre, dodaje poseban dodir ovom poslu. Najljep\u0161i trenuci rada su definitivno osmjeh zadovoljnih korisnika.<\/span><\/p>\n<p style=\"color: #333333; font-size: 24px; line-height: 30px; margin-bottom: 10px;\"><em>Sabex mi daje priliku da napredujem, pru\u017ea mi novo znanje, postavlja me pred nove izazove, i iznad svega, dozvoljava mi osobni rast i razvoj..<\/em><\/p>\n<p>[\/vc_column_text][vc_empty_space height=&#8221;50px&#8221;][vc_single_image image=&#8221;21780&#8243; img_size=&#8221;full&#8221; qode_css_animation=&#8221;&#8221;][\/vc_column_inner][vc_column_inner width=&#8221;1\/2&#8243;][vc_single_image image=&#8221;21680&#8243; img_size=&#8221;full&#8221; qode_css_animation=&#8221;&#8221;][\/vc_column_inner][\/vc_row_inner][\/vc_column][\/vc_row][vc_row row_type=&#8221;row&#8221; use_row_as_full_screen_section=&#8221;no&#8221; type=&#8221;full_width&#8221; angled_section=&#8221;no&#8221; text_align=&#8221;center&#8221; background_image_as_pattern=&#8221;without_pattern&#8221; background_color=&#8221;#0268b3&#8243; css_animation=&#8221;&#8221; css=&#8221;.vc_custom_1539177756210{margin-top: 0px !important;margin-bottom: 0px !important;padding-top: 70px !important;padding-bottom: 70px !important;}&#8221;][vc_column][vc_column_text]<\/p>\n<h2 style=\"text-align: center; color: #ffffff;\">VIDI\u0160 LI SE U NA\u0160EM TIMU?<\/h2>\n<p>[\/vc_column_text][vc_empty_space height=&#8221;10px&#8221;][\/vc_column][\/vc_row]<\/p>\n","protected":false},"excerpt":{"rendered":"<p>[vc_row row_type=&#8221;row&#8221; use_row_as_full_screen_section=&#8221;yes&#8221; type=&#8221;grid&#8221; angled_section=&#8221;no&#8221; text_align=&#8221;center&#8221; background_image=&#8221;21738&#8243; background_image_as_pattern=&#8221;without_pattern&#8221; css_animation=&#8221;&#8221; el_class=&#8221;classForFixChrome&#8221;][vc_column][vc_empty_space height=&#8221;300px&#8221; el_class=&#8221;mobile-hide&#8221;][vc_column_text] TALENT JE ZA NAS ODLI\u010cAN PO\u010cETAK, A SVAKOM DIJAMANTU JE NEOPHODNO BRU\u0160ENJE [\/vc_column_text][vc_empty_space height=&#8221;30px&#8221;][vc_single_image image=&#8221;21732&#8243; img_size=&#8221;full&#8221; alignment=&#8221;center&#8221; qode_css_animation=&#8221;&#8221; el_class=&#8221;mobile-hide&#8221;][vc_empty_space height=&#8221;120px&#8221; el_class=&#8221;mobile-hide&#8221;][vc_single_image image=&#8221;21527&#8243; img_size=&#8221;full&#8221; alignment=&#8221;center&#8221; qode_css_animation=&#8221;&#8221; el_class=&#8221;mobile-hide&#8221;][vc_empty_space height=&#8221;70px&#8221;][\/vc_column][\/vc_row][vc_row row_type=&#8221;row&#8221; use_row_as_full_screen_section=&#8221;no&#8221; type=&#8221;grid&#8221; angled_section=&#8221;no&#8221; text_align=&#8221;left&#8221; background_image_as_pattern=&#8221;without_pattern&#8221;&#8230;<\/p>\n","protected":false},"author":1,"featured_media":0,"parent":0,"menu_order":0,"comment_status":"closed","ping_status":"closed","template":"full_width.php","meta":{"footnotes":""},"class_list":["post-21711","page","type-page","status-publish","hentry"],"_links":{"self":[{"href":"https:\/\/www.sabex.si\/hr\/wp-json\/wp\/v2\/pages\/21711","targetHints":{"allow":["GET"]}}],"collection":[{"href":"https:\/\/www.sabex.si\/hr\/wp-json\/wp\/v2\/pages"}],"about":[{"href":"https:\/\/www.sabex.si\/hr\/wp-json\/wp\/v2\/types\/page"}],"author":[{"embeddable":true,"href":"https:\/\/www.sabex.si\/hr\/wp-json\/wp\/v2\/users\/1"}],"replies":[{"embeddable":true,"href":"https:\/\/www.sabex.si\/hr\/wp-json\/wp\/v2\/comments?post=21711"}],"version-history":[{"count":10,"href":"https:\/\/www.sabex.si\/hr\/wp-json\/wp\/v2\/pages\/21711\/revisions"}],"predecessor-version":[{"id":25032,"href":"https:\/\/www.sabex.si\/hr\/wp-json\/wp\/v2\/pages\/21711\/revisions\/25032"}],"wp:attachment":[{"href":"https:\/\/www.sabex.si\/hr\/wp-json\/wp\/v2\/media?parent=21711"}],"curies":[{"name":"wp","href":"https:\/\/api.w.org\/{rel}","templated":true}]}}