{"id":19574,"date":"2016-11-22T16:15:33","date_gmt":"2016-11-22T15:15:33","guid":{"rendered":"https:\/\/sabex-international.com\/?page_id=19574&#038;lang=hr"},"modified":"2022-04-15T10:28:02","modified_gmt":"2022-04-15T08:28:02","slug":"karijera","status":"publish","type":"page","link":"https:\/\/www.sabex.si\/hr\/karijera\/","title":{"rendered":"Karijera"},"content":{"rendered":"<p>[vc_row row_type=&#8221;row&#8221; use_row_as_full_screen_section=&#8221;no&#8221; type=&#8221;full_width&#8221; angled_section=&#8221;no&#8221; text_align=&#8221;center&#8221; background_image_as_pattern=&#8221;without_pattern&#8221; css_animation=&#8221;&#8221;][vc_column][vc_empty_space height=&#8221;52px&#8221;]<a  itemprop=\"url\" href=\"https:\/\/sabex9.talentlyft.com\/\" target=\"_blank\"  class=\"qbutton  large default\" style=\"border-color: #ff5a00; font-weight: 700; background-color: #ff5a00;\">OTVORENE POZICIJE<\/a>[vc_empty_space height=&#8221;52px&#8221;][\/vc_column][\/vc_row][vc_row row_type=&#8221;row&#8221; use_row_as_full_screen_section=&#8221;no&#8221; type=&#8221;full_width&#8221; angled_section=&#8221;no&#8221; text_align=&#8221;left&#8221; background_image_as_pattern=&#8221;without_pattern&#8221; css_animation=&#8221;&#8221;][vc_column][vc_empty_space][vc_column_text]<\/p>\n<h2 style=\"text-align: center; color: #0268b3;\"><span class=\"tx\">KAKO JE RADITI KOD NAS?<br \/>\n<\/span><\/h2>\n<p>[\/vc_column_text][vc_empty_space height=&#8221;52px&#8221;][\/vc_column][\/vc_row][vc_row row_type=&#8221;row&#8221; use_row_as_full_screen_section=&#8221;no&#8221; type=&#8221;full_width&#8221; angled_section=&#8221;no&#8221; text_align=&#8221;left&#8221; background_image_as_pattern=&#8221;without_pattern&#8221; css_animation=&#8221;&#8221;][vc_column width=&#8221;1\/2&#8243;][vc_single_image image=&#8221;19787&#8243; img_size=&#8221;large&#8221; qode_css_animation=&#8221;&#8221;][vc_empty_space height=&#8221;30px&#8221;][vc_column_text]<\/p>\n<h2 style=\"text-align: center; color: #58585a; font-size: 16px;\"><span class=\"tx\">PROFESIONALIZAM KAO OSNOVA ZA POSAO<br \/>\n<\/span><\/h2>\n<p>[\/vc_column_text][vc_empty_space height=&#8221;30px&#8221;][vc_column_text]<\/p>\n<p style=\"text-align: left; width: 90%; color: #58585a; margin-bottom: 15px;\"><span style=\"color: #000000;\">Vjerujemo u po\u0161tenje kao osnovnu osobinu na\u0161ih zaposlenika. Profesionalizam u poslu, osim uspjeha u savladavanju zadataka i stalnom usavr\u0161avanju, obuhva\u0107a i moralni i eti\u010dki odnos prema poslu i kolegama. Povjerenje unutar na\u0161eg tima, kao i dobra organizacija posla, omogu\u0107avaju nam da se uspje\u0161nije nosimo sa svakodnevnim zadacima i obavezama u cilju postizanja vrhunskih rezultata i osobnog zadovoljstva.<\/span><\/p>\n<p style=\"text-align: left; width: 90%; color: #58585a; margin-bottom: 15px;\"><span style=\"color: #000000;\">Upravo iz tog razloga puno energije ula\u017eemo u nove tehnologije i programe koji omogu\u0107avaju bolju organizaciju rada, jasan pregled nad poslom i zadacima, kao i pra\u0107enje odra\u0111enog posla radi bolje me\u0111usobne suradnje unutar tima.<\/span><\/p>\n<p>[\/vc_column_text][\/vc_column][vc_column width=&#8221;1\/2&#8243;][vc_single_image image=&#8221;19791&#8243; img_size=&#8221;large&#8221; qode_css_animation=&#8221;&#8221;][vc_empty_space height=&#8221;30px&#8221;][vc_column_text]<\/p>\n<h2 style=\"text-align: center; color: #58585a; font-size: 16px;\"><span class=\"tx\">TKO \u010cINI NA\u0160 TIM?<br \/>\n<\/span><\/h2>\n<p>[\/vc_column_text][vc_empty_space height=&#8221;30px&#8221;][vc_column_text]<\/p>\n<p style=\"text-align: left; width: 90%; color: #58585a; margin-bottom: 15px;\"><span style=\"color: #000000;\">Mi smo mladi profesionalci, zaljubljenici u svoj posao, entuzijasti za uspjehom i stalnim usavr\u0161avanjem. Kao mala firma, svi unutar tima smo prvenstveno dragi i bliski kolege koji njeguju kulturu timskog rada. Na taj na\u010din posti\u017eemo vrhunske rezultate, a uz dozu smijeha, prevladavamo i najstresnije situacije.<\/span><\/p>\n<p style=\"text-align: left; width: 90%; color: #58585a; margin-bottom: 15px;\"><span style=\"color: #000000;\">Od na\u0161ih savjetnica za ljepotu u ljekarnama, brand managera, asistentica u uredu i skladi\u0161tu, PR &amp; marketing managera do prodajnih predstavnika, dizajnera te direktora, svi se nadopunjavamo i poma\u017eemo jedni drugima odr\u017eati Sabex ugodnim i poticajnim poslovnim okru\u017eenjem.<\/span><\/p>\n<p style=\"text-align: left; width: 90%; color: #58585a; margin-bottom: 15px;\"><span style=\"color: #000000;\">Kada je posao u pitanju, na prvom mjestu nam je odgovornost za dodijeljene zadatke i njihovo izvr\u0161avanje.<\/span><\/p>\n<p>[\/vc_column_text][\/vc_column][\/vc_row][vc_row row_type=&#8221;row&#8221; use_row_as_full_screen_section=&#8221;no&#8221; type=&#8221;full_width&#8221; angled_section=&#8221;no&#8221; text_align=&#8221;left&#8221; background_image_as_pattern=&#8221;without_pattern&#8221; css_animation=&#8221;&#8221;][vc_column][vc_empty_space height=&#8221;52px&#8221;][\/vc_column][\/vc_row][vc_row row_type=&#8221;row&#8221; use_row_as_full_screen_section=&#8221;no&#8221; type=&#8221;full_width&#8221; angled_section=&#8221;no&#8221; text_align=&#8221;left&#8221; background_image_as_pattern=&#8221;without_pattern&#8221; css_animation=&#8221;&#8221;][vc_column][vc_column_text]<\/p>\n<p style=\"text-align: center;\"><img loading=\"lazy\" decoding=\"async\" class=\"alignnone size-full wp-image-21484\" src=\"https:\/\/www.sabex.si\/wp-content\/uploads\/2016\/11\/Blaz.png\" alt=\"Blaz\" width=\"142\" height=\"189\" \/>\u00a0 \u00a0 \u00a0 \u00a0<img loading=\"lazy\" decoding=\"async\" class=\"alignnone size-full wp-image-21504\" src=\"https:\/\/www.sabex.si\/wp-content\/uploads\/2016\/11\/BlazCitat_HR-1.png\" alt=\"BlazCitat_HR\" width=\"704\" height=\"189\" srcset=\"https:\/\/www.sabex.si\/wp-content\/uploads\/2016\/11\/BlazCitat_HR-1.png 704w, https:\/\/www.sabex.si\/wp-content\/uploads\/2016\/11\/BlazCitat_HR-1-300x81.png 300w, https:\/\/www.sabex.si\/wp-content\/uploads\/2016\/11\/BlazCitat_HR-1-700x188.png 700w\" sizes=\"auto, (max-width: 704px) 100vw, 704px\" \/><\/p>\n<p>[\/vc_column_text][vc_empty_space height=&#8221;72px&#8221;][\/vc_column][\/vc_row][vc_row row_type=&#8221;row&#8221; use_row_as_full_screen_section=&#8221;no&#8221; type=&#8221;full_width&#8221; angled_section=&#8221;no&#8221; text_align=&#8221;left&#8221; background_image_as_pattern=&#8221;without_pattern&#8221; css_animation=&#8221;&#8221;][vc_column width=&#8221;1\/2&#8243;][vc_empty_space height=&#8221;50px&#8221;][vc_column_text]<\/p>\n<h2 style=\"text-align: center; color: #58585a; font-size: 16px;\"><span class=\"tx\">STALNA EDUKACIJA<br \/>\n<\/span><\/h2>\n<p>[\/vc_column_text][vc_empty_space height=&#8221;30px&#8221;][vc_column_text]<\/p>\n<p style=\"text-align: left; width: 90%; color: #58585a; margin-bottom: 15px;\"><span style=\"color: #000000;\">Iznimno nam je va\u017eno konstantno se usavr\u0161avati u podru\u010dju u kojem radimo, ali i educirati o novim tehnologijama kako bismo se uspje\u0161no prilagodili ovom stalno promjenjivom svijetu. Stoga puno vremena ula\u017eemo u istra\u017eivanje i kvalitetne online edukacije na\u0161ih zaposlenika.<\/span><\/p>\n<p style=\"text-align: left; width: 90%; color: #58585a; margin-bottom: 15px;\"><span style=\"color: #000000;\">Budu\u0107i da je Sabex internacionalna firma, svakodnevno dijelimo znanja i iskustva putem suvremenih web alata s na\u0161im timovima u Sloveniji i Srbiji, pa iako smo udaljeni stotine kilometara, \u010desto imamo osje\u0107aj kao da sjedimo zajedno jedni do drugih u uredu.<\/span><\/p>\n<p style=\"text-align: left; width: 90%; color: #58585a; margin-bottom: 15px;\"><span style=\"color: #000000;\">To dijeljenje iskustva, kao i razmjena ideja na svakodnevnim kratkim brainstorming sastancima uz kavu, omogu\u0107ava nam izgradnju vlastitog <em>know-how<\/em> sustava.<\/span><\/p>\n<p>[\/vc_column_text][\/vc_column][vc_column width=&#8221;1\/2&#8243;][vc_empty_space height=&#8221;50px&#8221;][vc_column_text]<\/p>\n<h2 style=\"text-align: center; color: #58585a; font-size: 16px;\"><span class=\"tx\">NAKON POSLA DOLAZI ZABAVA<br \/>\n<\/span><\/h2>\n<p>[\/vc_column_text][vc_empty_space height=&#8221;30px&#8221;][vc_column_text]<\/p>\n<p style=\"text-align: left; width: 90%; color: #58585a;\"><span style=\"color: #000000;\">U Sabexu znamo da se nakon dobro odra\u0111enog posla, va\u017eno i zabaviti. Na\u0161i eventi s medijima i farmaceutima, jednako su posao i u\u017eitak za sve \u010dlanove tima, a na\u0161om tradicionalnom ve\u010derom u prosincu obilje\u017eavamo uspje\u0161an kraj godine i nazdravljamo novoj godini koja dolazi.<\/span><\/p>\n<p>[\/vc_column_text][\/vc_column][\/vc_row][vc_row row_type=&#8221;row&#8221; use_row_as_full_screen_section=&#8221;no&#8221; type=&#8221;full_width&#8221; angled_section=&#8221;no&#8221; text_align=&#8221;left&#8221; background_image_as_pattern=&#8221;without_pattern&#8221; css_animation=&#8221;&#8221;][vc_column][vc_empty_space height=&#8221;52px&#8221;][\/vc_column][\/vc_row][vc_row row_type=&#8221;parallax&#8221; parallax_content_width=&#8221;full_width&#8221; text_align=&#8221;left&#8221; full_screen_section_height=&#8221;no&#8221;][vc_column][vc_column_text]<\/p>\n<h2 style=\"text-align: center; color: #0268b3;\"><span class=\"tx\">PROCES ZAPO\u0160LJAVANJA<br \/>\n<\/span><\/h2>\n<p>[\/vc_column_text][vc_empty_space][vc_empty_space height=&#8221;30px&#8221;][vc_row_inner row_type=&#8221;row&#8221; type=&#8221;full_width&#8221; text_align=&#8221;left&#8221; css_animation=&#8221;&#8221;][vc_column_inner width=&#8221;2\/3&#8243;][vc_column_text]<\/p>\n<h2 style=\"color: #58585a; font-size: 16px; text-align: left;\">1. Kako se prijaviti?<\/h2>\n<p>[\/vc_column_text][vc_empty_space height=&#8221;10px&#8221;][vc_column_text]<\/p>\n<p style=\"text-align: left; color: #58585a; margin-bottom: 15px;\"><span class=\"tx\"><span style=\"color: #000000;\">U slu\u010daju otvorenih natje\u010daja za posao, prijava na odabrani natje\u010daj zapo\u010dinje slanje \u017eivotopisa sa slikom te molbe putem obrasca na na\u0161oj internet stranici, pod rubrikom<\/span> <span style=\"color: #ff5a00;\"><a style=\"color: #ff5a00;\" href=\"https:\/\/sabex9.talentlyft.com\/\" target=\"_blank\" rel=\"noopener\">Trenutno tra\u017eimo<\/a><\/span> <span style=\"color: #000000;\">ili na na\u0161em oglasu na jednom od web portala za tra\u017eenje posla poput MojPosao (HR), Infostud (SRB) ili Moje Delo (SLO).<\/span><\/span><\/p>\n<p style=\"text-align: left; color: #58585a; margin-bottom: 15px;\"><span class=\"tx\" style=\"color: #000000;\">Nakon zavr\u0161etka roka za prijavu, na temelju molbi i \u017eivotopisa, odabiremo u\u017ei krug kandidata koji zadovoljavaju minimalne uvjete navedene u oglasu te koje zatim pozivamo na prvi razgovor za posao.<\/span><\/p>\n<p>[\/vc_column_text][vc_empty_space height=&#8221;20px&#8221;][vc_column_text]<\/p>\n<h2 style=\"color: #58585a; font-size: 16px; text-align: left;\">2. Prvi razgovor za posao<\/h2>\n<p>[\/vc_column_text][vc_empty_space height=&#8221;10px&#8221;][vc_column_text]<\/p>\n<p style=\"text-align: left; color: #58585a; margin-bottom: 15px;\"><span class=\"tx\" style=\"color: #000000;\">U uvodnom upoznavanju s kandidatom, cilj nam je ukratko predstaviti zadatke i odgovornosti pozicije na navedeno radno mjesto, kako bi kandidat dobio sliku \u0161to se od njega o\u010dekuje. Od kandidata o\u010dekujemo da nam predstavi sebe kao osobu, zatim svoja karijerna i obrazovna postignu\u0107a te ambicije, \u017eelje i motive prijave na navedeno radno mjesto.<\/span><\/p>\n<p style=\"text-align: left; color: #58585a; margin-bottom: 15px;\"><span class=\"tx\" style=\"color: #000000;\">Tako\u0111er, izuzetno nam je va\u017ean \u010dovjek kao osoba, \u010dak i vi\u0161e nego iskustva koja je stjecao u karijeri. Vjerujemo da osoba koja ima interes za poslom mo\u017ee brzo nau\u010diti i savladati sve potrebne zadatke, najva\u017enije je da posjeduje pobjedni\u010dki duh i zdrav odnos prema \u017eivotu.<\/span><\/p>\n<p>[\/vc_column_text][vc_empty_space height=&#8221;20px&#8221;][vc_column_text]<\/p>\n<h2 style=\"color: #58585a; font-size: 16px; text-align: left;\">3. Drugi krug razgovora za posao<\/h2>\n<p>[\/vc_column_text][vc_empty_space height=&#8221;10px&#8221;][vc_column_text]<\/p>\n<p style=\"text-align: left; color: #58585a; margin-bottom: 15px;\"><span class=\"tx\" style=\"color: #000000;\">U drugi krug ulazi maksimalno 3-5 odabranih kandidata. Na drugom razgovoru za posao otkrivamo vi\u0161e detalja o samom poslu i prirodi posla te svemu \u0161to se o\u010dekuje od budu\u0107eg zaposlenika na navedenoj poziciji. Tako\u0111er, pregovaramo i o svim detaljima potrebnima za sklapanje ugovora. Nakon toga odabiremo jednog kandidata i sklapamo Ugovor o radu.<\/span><\/p>\n<p>[\/vc_column_text][vc_empty_space height=&#8221;10px&#8221;][\/vc_column_inner][vc_column_inner width=&#8221;1\/3&#8243;][vc_single_image image=&#8221;19781&#8243; img_size=&#8221;large&#8221; qode_css_animation=&#8221;&#8221;][\/vc_column_inner][\/vc_row_inner][vc_empty_space height=&#8221;72px&#8221;][\/vc_column][\/vc_row][vc_row row_type=&#8221;parallax&#8221; parallax_content_width=&#8221;full_width&#8221; text_align=&#8221;left&#8221; full_screen_section_height=&#8221;no&#8221; el_id=&#8221;OtvorenaMolba&#8221;][vc_column offset=&#8221;vc_hidden-lg vc_hidden-md vc_hidden-sm vc_hidden-xs&#8221;][vc_column_text]<\/p>\n<h2 style=\"text-align: center; color: #0268b3;\">PO\u0160ALJITE NAM OTVORENU MOLBU<\/h2>\n<p>[\/vc_column_text][vc_empty_space][vc_row_inner row_type=&#8221;row&#8221; type=&#8221;full_width&#8221; text_align=&#8221;left&#8221; css_animation=&#8221;&#8221;][vc_column_inner width=&#8221;1\/4&#8243;][\/vc_column_inner][vc_column_inner width=&#8221;1\/2&#8243; offset=&#8221;vc_hidden-lg vc_hidden-md vc_hidden-sm vc_hidden-xs&#8221;][vc_separator type=&#8221;normal&#8221;][vc_empty_space height=&#8221;16px&#8221;]<div role=\"form\" class=\"wpcf7\" id=\"wpcf7-f19582-o1\" lang=\"en-US\" dir=\"ltr\">\n<div class=\"screen-reader-response\"><p role=\"status\" aria-live=\"polite\" aria-atomic=\"true\"><\/p> <ul><\/ul><\/div>\n<form action=\"\/hr\/wp-json\/wp\/v2\/pages\/19574#wpcf7-f19582-o1\" method=\"post\" class=\"wpcf7-form init cf7_custom_style_1\" enctype=\"multipart\/form-data\" novalidate=\"novalidate\" data-status=\"init\">\n<div style=\"display: none;\">\n<input type=\"hidden\" name=\"_wpcf7\" value=\"19582\" \/>\n<input type=\"hidden\" name=\"_wpcf7_version\" value=\"5.5.4\" \/>\n<input type=\"hidden\" name=\"_wpcf7_locale\" value=\"en_US\" \/>\n<input type=\"hidden\" name=\"_wpcf7_unit_tag\" value=\"wpcf7-f19582-o1\" \/>\n<input type=\"hidden\" name=\"_wpcf7_container_post\" value=\"0\" \/>\n<input type=\"hidden\" name=\"_wpcf7_posted_data_hash\" value=\"\" \/>\n<\/div>\n<p><label> Ime i prezime (*Obavezno ispuniti)<br \/>\n    <span class=\"wpcf7-form-control-wrap your-name\"><input type=\"text\" name=\"your-name\" value=\"\" size=\"40\" class=\"wpcf7-form-control wpcf7-text wpcf7-validates-as-required\" aria-required=\"true\" aria-invalid=\"false\" \/><\/span> <\/label><\/p>\n<p><label> Va\u0161 Email (*Obavezno ispuniti)<br \/>\n    <span class=\"wpcf7-form-control-wrap your-email\"><input type=\"email\" name=\"your-email\" value=\"\" size=\"40\" class=\"wpcf7-form-control wpcf7-text wpcf7-email wpcf7-validates-as-required wpcf7-validates-as-email\" aria-required=\"true\" aria-invalid=\"false\" \/><\/span> <\/label><\/p>\n<p><label> Naslov<br \/>\n    <span class=\"wpcf7-form-control-wrap your-subject\"><input type=\"text\" name=\"your-subject\" value=\"\" size=\"40\" class=\"wpcf7-form-control wpcf7-text\" aria-invalid=\"false\" \/><\/span> <\/label><\/p>\n<p><label> Va\u0161a molba<br \/>\n    <span class=\"wpcf7-form-control-wrap your-message\"><textarea name=\"your-message\" cols=\"40\" rows=\"10\" class=\"wpcf7-form-control wpcf7-textarea\" aria-invalid=\"false\"><\/textarea><\/span> <\/label><\/p>\n<p><label>Prilo\u017eite Va\u0161 \u017eivotopis<br \/>\n<span class=\"wpcf7-form-control-wrap file-958\"><input type=\"file\" name=\"file-958\" size=\"40\" class=\"wpcf7-form-control wpcf7-file wpcf7-validates-as-required\" accept=\".jpg,.jpeg,.png,.gif,.pdf,.doc,.docx,.ppt,.pptx,.odt,.avi,.ogg,.m4a,.mov,.mp3,.mp4,.mpg,.wav,.wmv\" aria-required=\"true\" aria-invalid=\"false\" \/><\/span><\/label><\/p>\n<p><label><input type=\"submit\" value=\"Po\u0161alji\" class=\"wpcf7-form-control has-spinner wpcf7-submit\" \/><\/label><\/p>\n<input type='hidden' class='wpcf7-pum' value='{\"closepopup\":false,\"closedelay\":0,\"openpopup\":false,\"openpopup_id\":0}' \/><div class=\"wpcf7-response-output\" aria-hidden=\"true\"><\/div><\/form><\/div>[vc_empty_space height=&#8221;16px&#8221;][vc_separator type=&#8221;normal&#8221;][\/vc_column_inner][vc_column_inner width=&#8221;1\/4&#8243;][\/vc_column_inner][\/vc_row_inner][\/vc_column][\/vc_row]<\/p>\n","protected":false},"excerpt":{"rendered":"<p>[vc_row row_type=&#8221;row&#8221; use_row_as_full_screen_section=&#8221;no&#8221; type=&#8221;full_width&#8221; angled_section=&#8221;no&#8221; text_align=&#8221;center&#8221; background_image_as_pattern=&#8221;without_pattern&#8221; css_animation=&#8221;&#8221;][vc_column][vc_empty_space height=&#8221;52px&#8221;][vc_empty_space height=&#8221;52px&#8221;][\/vc_column][\/vc_row][vc_row row_type=&#8221;row&#8221; use_row_as_full_screen_section=&#8221;no&#8221; type=&#8221;full_width&#8221; angled_section=&#8221;no&#8221; text_align=&#8221;left&#8221; background_image_as_pattern=&#8221;without_pattern&#8221; css_animation=&#8221;&#8221;][vc_column][vc_empty_space][vc_column_text] KAKO JE RADITI KOD NAS? [\/vc_column_text][vc_empty_space height=&#8221;52px&#8221;][\/vc_column][\/vc_row][vc_row row_type=&#8221;row&#8221; use_row_as_full_screen_section=&#8221;no&#8221; type=&#8221;full_width&#8221; angled_section=&#8221;no&#8221; text_align=&#8221;left&#8221; background_image_as_pattern=&#8221;without_pattern&#8221; css_animation=&#8221;&#8221;][vc_column width=&#8221;1\/2&#8243;][vc_single_image image=&#8221;19787&#8243; img_size=&#8221;large&#8221; qode_css_animation=&#8221;&#8221;][vc_empty_space height=&#8221;30px&#8221;][vc_column_text] PROFESIONALIZAM KAO OSNOVA ZA POSAO [\/vc_column_text][vc_empty_space height=&#8221;30px&#8221;][vc_column_text] Vjerujemo u&#8230;<\/p>\n","protected":false},"author":1,"featured_media":0,"parent":0,"menu_order":0,"comment_status":"closed","ping_status":"closed","template":"","meta":{"footnotes":""},"class_list":["post-19574","page","type-page","status-publish","hentry"],"_links":{"self":[{"href":"https:\/\/www.sabex.si\/hr\/wp-json\/wp\/v2\/pages\/19574","targetHints":{"allow":["GET"]}}],"collection":[{"href":"https:\/\/www.sabex.si\/hr\/wp-json\/wp\/v2\/pages"}],"about":[{"href":"https:\/\/www.sabex.si\/hr\/wp-json\/wp\/v2\/types\/page"}],"author":[{"embeddable":true,"href":"https:\/\/www.sabex.si\/hr\/wp-json\/wp\/v2\/users\/1"}],"replies":[{"embeddable":true,"href":"https:\/\/www.sabex.si\/hr\/wp-json\/wp\/v2\/comments?post=19574"}],"version-history":[{"count":219,"href":"https:\/\/www.sabex.si\/hr\/wp-json\/wp\/v2\/pages\/19574\/revisions"}],"predecessor-version":[{"id":25041,"href":"https:\/\/www.sabex.si\/hr\/wp-json\/wp\/v2\/pages\/19574\/revisions\/25041"}],"wp:attachment":[{"href":"https:\/\/www.sabex.si\/hr\/wp-json\/wp\/v2\/media?parent=19574"}],"curies":[{"name":"wp","href":"https:\/\/api.w.org\/{rel}","templated":true}]}}