{"id":18850,"date":"2014-03-28T11:27:19","date_gmt":"2014-03-28T11:27:19","guid":{"rendered":"https:\/\/sabex-international.com\/test\/?page_id=18850&#038;lang=hr"},"modified":"2018-02-27T13:05:40","modified_gmt":"2018-02-27T12:05:40","slug":"services","status":"publish","type":"page","link":"https:\/\/www.sabex.si\/hr\/services\/","title":{"rendered":"Usluge"},"content":{"rendered":"<p>[vc_row row_type=&#8221;row&#8221; use_row_as_full_screen_section=&#8221;no&#8221; type=&#8221;full_width&#8221; angled_section=&#8221;no&#8221; text_align=&#8221;left&#8221; background_image_as_pattern=&#8221;without_pattern&#8221; css_animation=&#8221;&#8221;][vc_column][vc_row_inner row_type=&#8221;row&#8221; type=&#8221;full_width&#8221; text_align=&#8221;left&#8221; css_animation=&#8221;&#8221;][vc_column_inner][vc_empty_space height=&#8221;200px&#8221;][\/vc_column_inner][\/vc_row_inner][\/vc_column][vc_column][vc_row_inner row_type=&#8221;row&#8221; type=&#8221;full_width&#8221; text_align=&#8221;left&#8221; css_animation=&#8221;&#8221;][vc_column_inner][vc_column_text]<\/p>\n<h2 style=\"text-align: center; color: #0268b3;\"><span class=\"tx f138\">USLUGE<\/span><\/h2>\n<p>[\/vc_column_text][vc_empty_space][vc_column_text]<\/p>\n<p style=\"text-align: center; width: 50%; margin-right: 25%; float: right;\"><span class=\"tx\">Implementacija, pozicioniranje, razvoj, odr\u017eavanje i distribucija marki na lokalnim tr\u017ei\u0161tima Adriatic regije. Prodaja marki za njegu, ljepotu i zdravlje putem prodajnih kanala:<br \/>\n<\/span><\/p>\n<p>[\/vc_column_text][\/vc_column_inner][\/vc_row_inner][vc_row_inner row_type=&#8221;row&#8221; type=&#8221;full_width&#8221; text_align=&#8221;left&#8221; css_animation=&#8221;&#8221;][vc_column_inner][vc_empty_space height=&#8221;50px&#8221;][\/vc_column_inner][\/vc_row_inner][\/vc_column][\/vc_row][vc_row row_type=&#8221;row&#8221; use_row_as_full_screen_section=&#8221;no&#8221; type=&#8221;full_width&#8221; angled_section=&#8221;no&#8221; text_align=&#8221;left&#8221; background_image_as_pattern=&#8221;without_pattern&#8221; css_animation=&#8221;&#8221;][vc_column][vc_row_inner row_type=&#8221;row&#8221; type=&#8221;full_width&#8221; text_align=&#8221;left&#8221; css_animation=&#8221;&#8221;][vc_column_inner css=&#8221;.vc_custom_1519732678167{background-image: url(https:\/\/www.sabex.si\/wp-content\/uploads\/2018\/02\/testna-crta.png?id=21176) !important;background-position: 0 0 !important;background-repeat: no-repeat !important;}&#8221;][vc_single_image image=&#8221;21107&#8243; img_size=&#8221;large&#8221; alignment=&#8221;center&#8221; qode_css_animation=&#8221;element_from_bottom&#8221;][vc_empty_space height=&#8221;200px&#8221;][vc_single_image image=&#8221;21188&#8243; img_size=&#8221;full&#8221; alignment=&#8221;center&#8221; qode_css_animation=&#8221;element_from_bottom&#8221; css=&#8221;.vc_custom_1519732236067{margin-left: -30px !important;}&#8221;][vc_empty_space height=&#8221;200px&#8221;][vc_single_image image=&#8221;21184&#8243; img_size=&#8221;full&#8221; alignment=&#8221;center&#8221; qode_css_animation=&#8221;element_from_bottom&#8221;][vc_empty_space height=&#8221;200px&#8221;][vc_single_image image=&#8221;21111&#8243; img_size=&#8221;full&#8221; alignment=&#8221;center&#8221; qode_css_animation=&#8221;element_from_bottom&#8221;][\/vc_column_inner][\/vc_row_inner][vc_empty_space height=&#8221;200px&#8221;][\/vc_column][\/vc_row]<\/p>\n","protected":false},"excerpt":{"rendered":"<p>[vc_row row_type=&#8221;row&#8221; use_row_as_full_screen_section=&#8221;no&#8221; type=&#8221;full_width&#8221; angled_section=&#8221;no&#8221; text_align=&#8221;left&#8221; background_image_as_pattern=&#8221;without_pattern&#8221; css_animation=&#8221;&#8221;][vc_column][vc_row_inner row_type=&#8221;row&#8221; type=&#8221;full_width&#8221; text_align=&#8221;left&#8221; css_animation=&#8221;&#8221;][vc_column_inner][vc_empty_space height=&#8221;200px&#8221;][\/vc_column_inner][\/vc_row_inner][\/vc_column][vc_column][vc_row_inner row_type=&#8221;row&#8221; type=&#8221;full_width&#8221; text_align=&#8221;left&#8221; css_animation=&#8221;&#8221;][vc_column_inner][vc_column_text] USLUGE [\/vc_column_text][vc_empty_space][vc_column_text] Implementacija, pozicioniranje, razvoj, odr\u017eavanje i distribucija marki na lokalnim tr\u017ei\u0161tima Adriatic regije. Prodaja marki za njegu, ljepotu i zdravlje putem prodajnih kanala: [\/vc_column_text][\/vc_column_inner][\/vc_row_inner][vc_row_inner row_type=&#8221;row&#8221; type=&#8221;full_width&#8221; text_align=&#8221;left&#8221;&#8230;<\/p>\n","protected":false},"author":1,"featured_media":0,"parent":0,"menu_order":0,"comment_status":"open","ping_status":"open","template":"full_width.php","meta":{"footnotes":""},"class_list":["post-18850","page","type-page","status-publish","hentry"],"_links":{"self":[{"href":"https:\/\/www.sabex.si\/hr\/wp-json\/wp\/v2\/pages\/18850","targetHints":{"allow":["GET"]}}],"collection":[{"href":"https:\/\/www.sabex.si\/hr\/wp-json\/wp\/v2\/pages"}],"about":[{"href":"https:\/\/www.sabex.si\/hr\/wp-json\/wp\/v2\/types\/page"}],"author":[{"embeddable":true,"href":"https:\/\/www.sabex.si\/hr\/wp-json\/wp\/v2\/users\/1"}],"replies":[{"embeddable":true,"href":"https:\/\/www.sabex.si\/hr\/wp-json\/wp\/v2\/comments?post=18850"}],"version-history":[{"count":9,"href":"https:\/\/www.sabex.si\/hr\/wp-json\/wp\/v2\/pages\/18850\/revisions"}],"predecessor-version":[{"id":21198,"href":"https:\/\/www.sabex.si\/hr\/wp-json\/wp\/v2\/pages\/18850\/revisions\/21198"}],"wp:attachment":[{"href":"https:\/\/www.sabex.si\/hr\/wp-json\/wp\/v2\/media?parent=18850"}],"curies":[{"name":"wp","href":"https:\/\/api.w.org\/{rel}","templated":true}]}}