{"id":16860,"date":"2014-05-15T12:38:07","date_gmt":"2014-05-15T12:38:07","guid":{"rendered":"https:\/\/sabex-international.com\/test\/home\/?lang=hr"},"modified":"2026-01-30T10:40:14","modified_gmt":"2026-01-30T09:40:14","slug":"home","status":"publish","type":"page","link":"https:\/\/www.sabex.si\/hr\/","title":{"rendered":"Naslovnica"},"content":{"rendered":"<p>[vc_row row_type=&#8221;row&#8221; use_row_as_full_screen_section=&#8221;no&#8221; type=&#8221;grid&#8221; anchor=&#8221;portfolio&#8221; angled_section=&#8221;no&#8221; text_align=&#8221;left&#8221; background_image_as_pattern=&#8221;without_pattern&#8221; background_color=&#8221;#ffffff&#8221; border_color=&#8221;#efefef&#8221; padding_top=&#8221;57&#8243; padding_bottom=&#8221;0&#8243; css_animation=&#8221;&#8221; el_class=&#8221;classForFixChrome&#8221;][vc_column][vc_row_inner row_type=&#8221;row&#8221; type=&#8221;full_width&#8221; text_align=&#8221;left&#8221; css_animation=&#8221;&#8221;][vc_column_inner width=&#8221;1\/3&#8243;][vc_single_image image=&#8221;19314&#8243; img_size=&#8221;full&#8221; qode_css_animation=&#8221;element_from_fade&#8221; transition_delay=&#8221;0.3&#8243;][vc_separator type=&#8221;transparent&#8221; up=&#8221;25&#8243; down=&#8221;8&#8243;][vc_column_text]<\/p>\n<h3 style=\"text-align: center;\"><a href=\"https:\/\/sabex-international.com\/services\/?lang=hr\"><span class=\"tx\">DISTRIBUCIJA &amp; MARKETING<\/span><\/a><\/h3>\n<p>[\/vc_column_text][vc_separator type=&#8221;transparent&#8221; up=&#8221;11&#8243; down=&#8221;0&#8243;][vc_column_text]<\/p>\n<p style=\"text-align: center;\"><span class=\"tx\">Ljepota i zdravlje su <\/span><span class=\"tx\">na\u0161 osnovni posao.\u00a0<\/span><span class=\"tx\">Uspje\u0161no upravljamo<\/span><span class=\"tx\">\u00a0svim procesima marketinga i distribucije. <\/span><\/p>\n<p>[\/vc_column_text][vc_separator type=&#8221;transparent&#8221; up=&#8221;63&#8243; down=&#8221;0&#8243;][\/vc_column_inner][vc_column_inner width=&#8221;1\/3&#8243;][vc_single_image image=&#8221;26836&#8243; img_size=&#8221;full&#8221; qode_css_animation=&#8221;element_from_fade&#8221; transition_delay=&#8221;0.6&#8243;][vc_separator type=&#8221;transparent&#8221; up=&#8221;25&#8243; down=&#8221;8&#8243;][vc_column_text]<\/p>\n<h3 style=\"text-align: center;\"><a href=\"https:\/\/sabex-international.com\/services\/?lang=hr\"><span class=\"tx\">IMPLEMENTACIJA BRANDOVA<\/span><\/a><\/h3>\n<p>[\/vc_column_text][vc_separator type=&#8221;transparent&#8221; up=&#8221;11&#8243; down=&#8221;0&#8243;][vc_column_text]<\/p>\n<p style=\"text-align: center;\"><span class=\"tx\">Znanje s podru\u010dja brandinga smatramo klju\u010dnim u pozicioniranju na lokalna tr\u017ei\u0161ta. <\/span><\/p>\n<p>[\/vc_column_text][vc_separator type=&#8221;transparent&#8221; up=&#8221;63&#8243; down=&#8221;0&#8243;][\/vc_column_inner][vc_column_inner width=&#8221;1\/3&#8243;][vc_single_image image=&#8221;26845&#8243; img_size=&#8221;full&#8221; qode_css_animation=&#8221;element_from_fade&#8221; transition_delay=&#8221;0.9&#8243;][vc_separator type=&#8221;transparent&#8221; up=&#8221;25&#8243; down=&#8221;8&#8243;][vc_column_text]<\/p>\n<h3 style=\"text-align: center;\"><a href=\"https:\/\/sabex-international.com\/services\/?lang=hr\"><span class=\"tx\">TR\u017dI\u0160TA ADRIATIC REGIJE <\/span><\/a><\/h3>\n<p>[\/vc_column_text][vc_separator type=&#8221;transparent&#8221; up=&#8221;11&#8243; down=&#8221;0&#8243;][vc_column_text]<\/p>\n<p style=\"text-align: center;\"><span class=\"tx\">Na\u0161e poslovanje obuhva\u0107a Adriatic regiju &#8211; Slovenija, Hrvatska i Srbija.<\/span><\/p>\n<p>[\/vc_column_text][vc_separator type=&#8221;transparent&#8221; up=&#8221;63&#8243; down=&#8221;0&#8243;][\/vc_column_inner][\/vc_row_inner][\/vc_column][\/vc_row][vc_row row_type=&#8221;row&#8221; use_row_as_full_screen_section=&#8221;no&#8221; type=&#8221;grid&#8221; anchor=&#8221;portfolio&#8221; angled_section=&#8221;no&#8221; text_align=&#8221;left&#8221; background_image_as_pattern=&#8221;without_pattern&#8221; background_color=&#8221;#f9f9f9&#8243; border_color=&#8221;#efefef&#8221; padding_top=&#8221;60&#8243; padding_bottom=&#8221;0&#8243; css_animation=&#8221;&#8221;][vc_column][vc_column_text]<\/p>\n<h2 style=\"text-align: center; color: #0268b3; text-transform: none;\">Mi smo vi\u0161e od distributera.<\/h2>\n<h2 style=\"text-align: center; color: #0268b3; text-transform: none;\">Na\u0161a mo\u0107 je u pozicioniranju, izgradnji<br \/>\n<span class=\"tx\"> i kompletnoj brizi za brandove na lokalnim tr\u017ei\u0161tima.<\/span><\/h2>\n<p>[\/vc_column_text][vc_separator type=&#8221;transparent&#8221; up=&#8221;0&#8243; down=&#8221;10&#8243;][vc_single_image image=&#8221;27139&#8243; img_size=&#8221;full&#8221; alignment=&#8221;center&#8221; qode_css_animation=&#8221;element_from_bottom&#8221; transition_delay=&#8221;0.3&#8243;][\/vc_column][\/vc_row]<\/p>\n","protected":false},"excerpt":{"rendered":"<p>[vc_row row_type=&#8221;row&#8221; use_row_as_full_screen_section=&#8221;no&#8221; type=&#8221;grid&#8221; anchor=&#8221;portfolio&#8221; angled_section=&#8221;no&#8221; text_align=&#8221;left&#8221; background_image_as_pattern=&#8221;without_pattern&#8221; background_color=&#8221;#ffffff&#8221; border_color=&#8221;#efefef&#8221; padding_top=&#8221;57&#8243; padding_bottom=&#8221;0&#8243; css_animation=&#8221;&#8221; el_class=&#8221;classForFixChrome&#8221;][vc_column][vc_row_inner row_type=&#8221;row&#8221; type=&#8221;full_width&#8221; text_align=&#8221;left&#8221; css_animation=&#8221;&#8221;][vc_column_inner width=&#8221;1\/3&#8243;][vc_single_image image=&#8221;19314&#8243; img_size=&#8221;full&#8221; qode_css_animation=&#8221;element_from_fade&#8221; transition_delay=&#8221;0.3&#8243;][vc_separator type=&#8221;transparent&#8221; up=&#8221;25&#8243; down=&#8221;8&#8243;][vc_column_text] DISTRIBUCIJA &amp; MARKETING [\/vc_column_text][vc_separator type=&#8221;transparent&#8221; up=&#8221;11&#8243; down=&#8221;0&#8243;][vc_column_text] Ljepota i zdravlje su na\u0161 osnovni posao.\u00a0Uspje\u0161no upravljamo\u00a0svim procesima marketinga i distribucije&#8230;.<\/p>\n","protected":false},"author":1,"featured_media":0,"parent":0,"menu_order":0,"comment_status":"open","ping_status":"open","template":"full_width.php","meta":{"footnotes":""},"class_list":["post-16860","page","type-page","status-publish","hentry"],"_links":{"self":[{"href":"https:\/\/www.sabex.si\/hr\/wp-json\/wp\/v2\/pages\/16860","targetHints":{"allow":["GET"]}}],"collection":[{"href":"https:\/\/www.sabex.si\/hr\/wp-json\/wp\/v2\/pages"}],"about":[{"href":"https:\/\/www.sabex.si\/hr\/wp-json\/wp\/v2\/types\/page"}],"author":[{"embeddable":true,"href":"https:\/\/www.sabex.si\/hr\/wp-json\/wp\/v2\/users\/1"}],"replies":[{"embeddable":true,"href":"https:\/\/www.sabex.si\/hr\/wp-json\/wp\/v2\/comments?post=16860"}],"version-history":[{"count":14,"href":"https:\/\/www.sabex.si\/hr\/wp-json\/wp\/v2\/pages\/16860\/revisions"}],"predecessor-version":[{"id":27144,"href":"https:\/\/www.sabex.si\/hr\/wp-json\/wp\/v2\/pages\/16860\/revisions\/27144"}],"wp:attachment":[{"href":"https:\/\/www.sabex.si\/hr\/wp-json\/wp\/v2\/media?parent=16860"}],"curies":[{"name":"wp","href":"https:\/\/api.w.org\/{rel}","templated":true}]}}